{"id":372,"date":"2025-08-01T12:05:03","date_gmt":"2025-08-01T10:05:03","guid":{"rendered":"https:\/\/lccs.pl\/?page_id=372"},"modified":"2026-01-15T17:51:53","modified_gmt":"2026-01-15T16:51:53","slug":"polityka-prywatnoci","status":"publish","type":"page","link":"https:\/\/lccs.pl\/index.php\/polityka-prywatnoci\/","title":{"rendered":"Polityka prywatnoci"},"content":{"rendered":"\t\t<div data-elementor-type=\"wp-page\" data-elementor-id=\"372\" class=\"elementor elementor-372\">\n\t\t\t\t<div class=\"elementor-element elementor-element-f9f406d e-flex e-con-boxed e-con e-parent\" data-id=\"f9f406d\" data-element_type=\"container\" data-e-type=\"container\">\n\t\t\t\t\t<div class=\"e-con-inner\">\n\t\t\t\t<div class=\"elementor-element elementor-element-ad57340 elementor-widget elementor-widget-text-editor\" data-id=\"ad57340\" data-element_type=\"widget\" data-e-type=\"widget\" data-widget_type=\"text-editor.default\">\n\t\t\t\t\t\t\t\t\t<p data-start=\"142\" data-end=\"204\"><strong data-start=\"142\" data-end=\"166\">POLITYKA PRYWATNO\u015aCI<\/strong><br data-start=\"166\" data-end=\"169\" \/>dla serwisu internetowego lccs.pl<\/p><h3 data-start=\"206\" data-end=\"235\">I. Postanowienia og\u00f3lne<\/h3><ol data-start=\"236\" data-end=\"819\"><li data-start=\"236\" data-end=\"379\"><p data-start=\"239\" data-end=\"379\">Niniejsza Polityka prywatno\u015bci okre\u015bla zasady przetwarzania danych osobowych za po\u015brednictwem strony internetowej lccs.pl (dalej: Serwis).<\/p><\/li><li data-start=\"380\" data-end=\"537\"><p data-start=\"383\" data-end=\"537\">Administratorem danych osobowych jest Lyudmyla Cameron, (dalej: Administrator).<\/p><\/li><li data-start=\"538\" data-end=\"651\"><p data-start=\"541\" data-end=\"651\">Dane osobowe przetwarzane s\u0105 zgodnie z Rozporz\u0105dzeniem Parlamentu Europejskiego i Rady (UE) 2016\/679 (RODO).<\/p><\/li><li data-start=\"652\" data-end=\"819\"><p data-start=\"655\" data-end=\"819\">Kontakt z Administratorem:<br data-start=\"681\" data-end=\"684\" \/>\u00a0ul. Odkryta 48f m310, 03-140 Warszawa\u00a0<br data-start=\"764\" data-end=\"767\" \/><a class=\"cursor-pointer\" rel=\"noopener\" data-start=\"770\" data-end=\"796\">lyudmila.cameron@gmail.com<\/a><br data-start=\"796\" data-end=\"799\" \/>\u00a0+48 884 077 117<\/p><\/li><\/ol><h3 data-start=\"821\" data-end=\"855\">II. Zakres zbieranych danych<\/h3><p data-start=\"856\" data-end=\"1039\">Poprzez formularz kontaktowy w Serwisie zbierane s\u0105 nast\u0119puj\u0105ce dane:<br data-start=\"925\" data-end=\"928\" \/>\u2022 imi\u0119<br data-start=\"934\" data-end=\"937\" \/>\u2022 adres e-mail<br data-start=\"951\" data-end=\"954\" \/>\u2022 numer telefonu (opcjonalnie)<br data-start=\"984\" data-end=\"987\" \/>\u2022 inne dane podane dobrowolnie w tre\u015bci wiadomo\u015bci i w formularzach kontaktowych.<\/p><h3 data-start=\"1041\" data-end=\"1087\">III. Cel i podstawa prawna przetwarzania<\/h3><p>Dane osobowe przetwarzane s\u0105 wy\u0142\u0105cznie w nast\u0119puj\u0105cych celach:<br \/>a) udzielenia odpowiedzi na przes\u0142ane wiadomo\u015bci oraz prowadzenia dalszej korespondencji<br \/>(art. 6 ust. 1 lit. f RODO),<br \/>b) ochrony strony internetowej przed spamem i nadu\u017cyciami<br \/>(art. 6 ust. 1 lit. f RODO),<br \/>c) zapewnienia prawid\u0142owego i technicznego funkcjonowania strony internetowej<br \/>(art. 6 ust. 1 lit. f RODO).<\/p><p>Podanie danych jest dobrowolne, jednak niezb\u0119dne do skontaktowania si\u0119 z Administratorem<br \/>za po\u015brednictwem\u00a0 adresu e-mail\u00a0 lub telefonu.<\/p><h3 data-start=\"1541\" data-end=\"1566\">IV. Odbiorcy danych<\/h3><p data-start=\"1567\" data-end=\"1806\">Dane mog\u0105 by\u0107 przekazane podmiotom wspieraj\u0105cym Administratora w prowadzeniu dzia\u0142alno\u015bci, takim jak:<br data-start=\"1668\" data-end=\"1671\" \/>\u2022 dostawcy hostingu i poczty e-mail<br data-start=\"1706\" data-end=\"1709\" \/>\u2022 dostawcy us\u0142ug IT i analityki (np. Google Analytics)<br data-start=\"1763\" data-end=\"1766\" \/>\u2022 kancelarie prawne (w razie potrzeby)<\/p><p data-start=\"1808\" data-end=\"1876\">Dane nie s\u0105 przekazywane poza Europejski Obszar Gospodarczy (EOG).<\/p><h3 data-start=\"1878\" data-end=\"1913\">V. Czas przechowywania danych<\/h3><p data-start=\"1914\" data-end=\"2121\">Dane osobowe b\u0119d\u0105 przechowywane przez okres niezb\u0119dny do realizacji cel\u00f3w,<br \/>dla kt\u00f3rych zosta\u0142y zebrane, w szczeg\u00f3lno\u015bci przez czas trwania korespondencji,<br \/>a po jej zako\u0144czeniu \u2013 przez okres uzasadniony potrzeb\u0105 zabezpieczenia<br \/>ewentualnych roszcze\u0144.<\/p><h3 data-start=\"2123\" data-end=\"2150\">VI. Prawa u\u017cytkownika<\/h3><p data-start=\"2151\" data-end=\"2353\">Osobie, kt\u00f3rej dane dotycz\u0105, przys\u0142uguje prawo do:<br \/>\u2013 dost\u0119pu do danych osobowych,<br \/>\u2013 ich sprostowania,<br \/>\u2013 usuni\u0119cia danych,<br \/>\u2013 ograniczenia przetwarzania,<br \/>\u2013 wniesienia sprzeciwu wobec przetwarzania danych,<br \/>\u2013 wniesienia skargi do Prezesa Urz\u0119du Ochrony Danych Osobowych (PUODO).<\/p><h3 data-start=\"2437\" data-end=\"2484\">VII. Pliki cookies i narz\u0119dzia zewn\u0119trzne<\/h3><p data-start=\"2485\" data-end=\"2640\">Strona mo\u017ce u\u017cywa\u0107 plik\u00f3w cookies oraz narz\u0119dzi analitycznych (np. Google Analytics, Pixel Meta\/Facebook) w celu poprawy funkcjonalno\u015bci i analizy ruchu.<\/p><h3 data-start=\"2642\" data-end=\"2681\">VIII. Zmiany polityki prywatno\u015bci<\/h3><p data-start=\"2682\" data-end=\"2801\">Administrator zastrzega sobie prawo do wprowadzania zmian. Aktualna wersja dokumentu zawsze b\u0119dzie dost\u0119pna w Serwisie.<\/p>\t\t\t\t\t\t\t\t<\/div>\n\t\t\t\t\t<\/div>\n\t\t\t\t<\/div>\n\t\t\t\t<\/div>\n\t\t","protected":false},"excerpt":{"rendered":"<p>POLITYKA PRYWATNO\u015aCIdla serwisu internetowego lccs.pl I. Postanowienia og\u00f3lne Niniejsza Polityka prywatno\u015bci okre\u015bla zasady przetwarzania danych osobowych za po\u015brednictwem strony internetowej lccs.pl (dalej: Serwis). Administratorem danych osobowych jest Lyudmyla Cameron, (dalej: Administrator). Dane osobowe przetwarzane s\u0105 zgodnie z Rozporz\u0105dzeniem Parlamentu Europejskiego i Rady (UE) 2016\/679 (RODO). Kontakt z Administratorem:\u00a0ul. Odkryta 48f m310, 03-140 Warszawa\u00a0lyudmila.cameron@gmail.com\u00a0+48 884 077 [&hellip;]<\/p>\n","protected":false},"author":1,"featured_media":0,"parent":0,"menu_order":0,"comment_status":"closed","ping_status":"closed","template":"","meta":{"_eb_attr":"","footnotes":""},"class_list":["post-372","page","type-page","status-publish","hentry","entry"],"_links":{"self":[{"href":"https:\/\/lccs.pl\/index.php\/wp-json\/wp\/v2\/pages\/372","targetHints":{"allow":["GET"]}}],"collection":[{"href":"https:\/\/lccs.pl\/index.php\/wp-json\/wp\/v2\/pages"}],"about":[{"href":"https:\/\/lccs.pl\/index.php\/wp-json\/wp\/v2\/types\/page"}],"author":[{"embeddable":true,"href":"https:\/\/lccs.pl\/index.php\/wp-json\/wp\/v2\/users\/1"}],"replies":[{"embeddable":true,"href":"https:\/\/lccs.pl\/index.php\/wp-json\/wp\/v2\/comments?post=372"}],"version-history":[{"count":16,"href":"https:\/\/lccs.pl\/index.php\/wp-json\/wp\/v2\/pages\/372\/revisions"}],"predecessor-version":[{"id":2557,"href":"https:\/\/lccs.pl\/index.php\/wp-json\/wp\/v2\/pages\/372\/revisions\/2557"}],"wp:attachment":[{"href":"https:\/\/lccs.pl\/index.php\/wp-json\/wp\/v2\/media?parent=372"}],"curies":[{"name":"wp","href":"https:\/\/api.w.org\/{rel}","templated":true}]}}