{"id":2343,"date":"2025-11-02T12:03:22","date_gmt":"2025-11-02T11:03:22","guid":{"rendered":"https:\/\/lccs.pl\/?page_id=2343"},"modified":"2025-11-02T12:14:40","modified_gmt":"2025-11-02T11:14:40","slug":"fotoreportaze-2","status":"publish","type":"page","link":"https:\/\/lccs.pl\/index.php\/fotoreportaze-2\/","title":{"rendered":"Fotoreporta\u017ce"},"content":{"rendered":"\t\t<div data-elementor-type=\"wp-page\" data-elementor-id=\"2343\" class=\"elementor elementor-2343\">\n\t\t\t\t<div class=\"elementor-element elementor-element-491d6e6 e-flex e-con-boxed e-con e-parent\" data-id=\"491d6e6\" data-element_type=\"container\" data-e-type=\"container\">\n\t\t\t\t\t<div class=\"e-con-inner\">\n\t\t\t\t<div class=\"elementor-element elementor-element-df8c35c elementor-widget elementor-widget-text-editor\" data-id=\"df8c35c\" data-element_type=\"widget\" data-e-type=\"widget\" data-widget_type=\"text-editor.default\">\n\t\t\t\t\t\t\t\t\t<p>FOTOREPORTA\u017bE<\/p>\t\t\t\t\t\t\t\t<\/div>\n\t\t\t\t<div class=\"elementor-element elementor-element-d7fbc45 elementor-widget elementor-widget-heading\" data-id=\"d7fbc45\" data-element_type=\"widget\" data-e-type=\"widget\" data-widget_type=\"heading.default\">\n\t\t\t\t\t<h2 class=\"elementor-heading-title elementor-size-default\">Reporta\u017c pod czas Targ\u00f3w\u00a0Warsaw Home &amp; Contract 2025<\/h2>\t\t\t\t<\/div>\n\t\t\t\t<div class=\"elementor-element elementor-element-6b034b0 elementor-widget elementor-widget-image\" data-id=\"6b034b0\" data-element_type=\"widget\" data-e-type=\"widget\" data-widget_type=\"image.default\">\n\t\t\t\t\t\t\t\t\t\t\t\t\t\t\t\t<a href=\"https:\/\/lccs.pl\/index.php\/fotoreportaze\/\">\n\t\t\t\t\t\t\t<img fetchpriority=\"high\" decoding=\"async\" width=\"1024\" height=\"601\" src=\"https:\/\/lccs.pl\/wp-content\/uploads\/2025\/11\/10-e1762081652276-1024x601.jpg\" class=\"attachment-large size-large wp-image-2310\" alt=\"\" srcset=\"https:\/\/lccs.pl\/wp-content\/uploads\/2025\/11\/10-e1762081652276-1024x601.jpg 1024w, https:\/\/lccs.pl\/wp-content\/uploads\/2025\/11\/10-e1762081652276-300x176.jpg 300w, https:\/\/lccs.pl\/wp-content\/uploads\/2025\/11\/10-e1762081652276-768x451.jpg 768w, https:\/\/lccs.pl\/wp-content\/uploads\/2025\/11\/10-e1762081652276.jpg 1362w\" sizes=\"(max-width: 1024px) 100vw, 1024px\" \/>\t\t\t\t\t\t\t\t<\/a>\n\t\t\t\t\t\t\t\t\t\t\t\t\t\t\t<\/div>\n\t\t\t\t\t<\/div>\n\t\t\t\t<\/div>\n\t\t<div class=\"elementor-element elementor-element-33a4b53 e-flex e-con-boxed e-con e-parent\" data-id=\"33a4b53\" data-element_type=\"container\" data-e-type=\"container\">\n\t\t\t\t\t<div class=\"e-con-inner\">\n\t\t\t\t<div class=\"elementor-element elementor-element-e4d113e elementor-widget elementor-widget-heading\" data-id=\"e4d113e\" data-element_type=\"widget\" data-e-type=\"widget\" data-widget_type=\"heading.default\">\n\t\t\t\t\t<h2 class=\"elementor-heading-title elementor-size-default\">Reporta\u017c pod czas Turniejow bryd\u017cowych Dobroczynno\u015b\u0107 i bryd\u017c<\/h2>\t\t\t\t<\/div>\n\t\t\t\t\t<\/div>\n\t\t\t\t<\/div>\n\t\t<div class=\"elementor-element elementor-element-fe8c985 e-flex e-con-boxed e-con e-parent\" data-id=\"fe8c985\" data-element_type=\"container\" data-e-type=\"container\">\n\t\t\t\t\t<div class=\"e-con-inner\">\n\t\t\t\t<div class=\"elementor-element elementor-element-df3cbc3 elementor-widget elementor-widget-image\" data-id=\"df3cbc3\" data-element_type=\"widget\" data-e-type=\"widget\" data-widget_type=\"image.default\">\n\t\t\t\t\t\t\t\t\t\t\t\t\t\t\t\t<a href=\"https:\/\/lccs.pl\/index.php\/fotoreportaze-z-turniejow\/\">\n\t\t\t\t\t\t\t<img decoding=\"async\" width=\"1024\" height=\"683\" src=\"https:\/\/lccs.pl\/wp-content\/uploads\/2025\/08\/IMG_7868-1024x683.jpg\" class=\"attachment-large size-large wp-image-1585\" alt=\"\" srcset=\"https:\/\/lccs.pl\/wp-content\/uploads\/2025\/08\/IMG_7868-1024x683.jpg 1024w, https:\/\/lccs.pl\/wp-content\/uploads\/2025\/08\/IMG_7868-300x200.jpg 300w, https:\/\/lccs.pl\/wp-content\/uploads\/2025\/08\/IMG_7868-768x512.jpg 768w, https:\/\/lccs.pl\/wp-content\/uploads\/2025\/08\/IMG_7868-1536x1024.jpg 1536w, https:\/\/lccs.pl\/wp-content\/uploads\/2025\/08\/IMG_7868.jpg 1600w\" sizes=\"(max-width: 1024px) 100vw, 1024px\" \/>\t\t\t\t\t\t\t\t<\/a>\n\t\t\t\t\t\t\t\t\t\t\t\t\t\t\t<\/div>\n\t\t\t\t\t<\/div>\n\t\t\t\t<\/div>\n\t\t\t\t<\/div>\n\t\t","protected":false},"excerpt":{"rendered":"<p>FOTOREPORTA\u017bE Reporta\u017c pod czas Targ\u00f3w\u00a0Warsaw Home &amp; Contract 2025 Reporta\u017c pod czas Turniejow bryd\u017cowych Dobroczynno\u015b\u0107 i bryd\u017c<\/p>\n","protected":false},"author":1,"featured_media":0,"parent":0,"menu_order":0,"comment_status":"closed","ping_status":"closed","template":"elementor_header_footer","meta":{"_eb_attr":"","footnotes":""},"class_list":["post-2343","page","type-page","status-publish","hentry","entry"],"_links":{"self":[{"href":"https:\/\/lccs.pl\/index.php\/wp-json\/wp\/v2\/pages\/2343","targetHints":{"allow":["GET"]}}],"collection":[{"href":"https:\/\/lccs.pl\/index.php\/wp-json\/wp\/v2\/pages"}],"about":[{"href":"https:\/\/lccs.pl\/index.php\/wp-json\/wp\/v2\/types\/page"}],"author":[{"embeddable":true,"href":"https:\/\/lccs.pl\/index.php\/wp-json\/wp\/v2\/users\/1"}],"replies":[{"embeddable":true,"href":"https:\/\/lccs.pl\/index.php\/wp-json\/wp\/v2\/comments?post=2343"}],"version-history":[{"count":10,"href":"https:\/\/lccs.pl\/index.php\/wp-json\/wp\/v2\/pages\/2343\/revisions"}],"predecessor-version":[{"id":2354,"href":"https:\/\/lccs.pl\/index.php\/wp-json\/wp\/v2\/pages\/2343\/revisions\/2354"}],"wp:attachment":[{"href":"https:\/\/lccs.pl\/index.php\/wp-json\/wp\/v2\/media?parent=2343"}],"curies":[{"name":"wp","href":"https:\/\/api.w.org\/{rel}","templated":true}]}}