{"id":2221,"date":"2025-10-03T17:10:46","date_gmt":"2025-10-03T15:10:46","guid":{"rendered":"https:\/\/lccs.pl\/?page_id=2221"},"modified":"2025-11-02T12:22:39","modified_gmt":"2025-11-02T11:22:39","slug":"pary-sesje-narzeczenskiepary","status":"publish","type":"page","link":"https:\/\/lccs.pl\/index.php\/pary-sesje-narzeczenskiepary\/","title":{"rendered":"Pary Sesje narzecze\u0144skiePary"},"content":{"rendered":"\t\t<div data-elementor-type=\"wp-page\" data-elementor-id=\"2221\" class=\"elementor elementor-2221\">\n\t\t\t\t<div class=\"elementor-element elementor-element-9741fa5 e-flex e-con-boxed e-con e-parent\" data-id=\"9741fa5\" data-element_type=\"container\" data-e-type=\"container\">\n\t\t\t\t\t<div class=\"e-con-inner\">\n\t\t\t\t<div class=\"elementor-element elementor-element-c7a8156 elementor-widget elementor-widget-image\" data-id=\"c7a8156\" data-element_type=\"widget\" data-e-type=\"widget\" data-widget_type=\"image.default\">\n\t\t\t\t\t\t\t\t\t\t\t\t\t\t\t<img fetchpriority=\"high\" decoding=\"async\" width=\"768\" height=\"1024\" src=\"https:\/\/lccs.pl\/wp-content\/uploads\/2025\/11\/Frame-7-768x1024.png\" class=\"attachment-large size-large wp-image-2357\" alt=\"\" srcset=\"https:\/\/lccs.pl\/wp-content\/uploads\/2025\/11\/Frame-7-768x1023.png 768w, https:\/\/lccs.pl\/wp-content\/uploads\/2025\/11\/Frame-7-225x300.png 225w, https:\/\/lccs.pl\/wp-content\/uploads\/2025\/11\/Frame-7-1153x1536.png 1153w, https:\/\/lccs.pl\/wp-content\/uploads\/2025\/11\/Frame-7-1537x2048.png 1537w, https:\/\/lccs.pl\/wp-content\/uploads\/2025\/11\/Frame-7.png 1831w\" sizes=\"(max-width: 768px) 100vw, 768px\" \/>\t\t\t\t\t\t\t\t\t\t\t\t\t\t\t<\/div>\n\t\t\t\t\t<\/div>\n\t\t\t\t<\/div>\n\t\t<div class=\"elementor-element elementor-element-0c99d68 e-flex e-con-boxed e-con e-parent\" data-id=\"0c99d68\" data-element_type=\"container\" data-e-type=\"container\">\n\t\t\t\t\t<div class=\"e-con-inner\">\n\t\t\t\t<div class=\"elementor-element elementor-element-e4ed51d elementor-widget elementor-widget-image\" data-id=\"e4ed51d\" data-element_type=\"widget\" data-e-type=\"widget\" data-widget_type=\"image.default\">\n\t\t\t\t\t\t\t\t\t\t\t\t\t\t\t<img decoding=\"async\" width=\"768\" height=\"1024\" src=\"https:\/\/lccs.pl\/wp-content\/uploads\/2025\/11\/Frame-8-768x1024.png\" class=\"attachment-large size-large wp-image-2355\" alt=\"\" srcset=\"https:\/\/lccs.pl\/wp-content\/uploads\/2025\/11\/Frame-8-768x1023.png 768w, https:\/\/lccs.pl\/wp-content\/uploads\/2025\/11\/Frame-8-225x300.png 225w, https:\/\/lccs.pl\/wp-content\/uploads\/2025\/11\/Frame-8-1153x1536.png 1153w, https:\/\/lccs.pl\/wp-content\/uploads\/2025\/11\/Frame-8-1537x2048.png 1537w, https:\/\/lccs.pl\/wp-content\/uploads\/2025\/11\/Frame-8.png 1831w\" sizes=\"(max-width: 768px) 100vw, 768px\" \/>\t\t\t\t\t\t\t\t\t\t\t\t\t\t\t<\/div>\n\t\t\t\t\t<\/div>\n\t\t\t\t<\/div>\n\t\t<div class=\"elementor-element elementor-element-c48e5ab e-flex e-con-boxed e-con e-parent\" data-id=\"c48e5ab\" data-element_type=\"container\" data-e-type=\"container\">\n\t\t\t\t\t<div class=\"e-con-inner\">\n\t\t\t\t<div class=\"elementor-element elementor-element-5bf4f22 elementor-widget elementor-widget-image\" data-id=\"5bf4f22\" data-element_type=\"widget\" data-e-type=\"widget\" data-widget_type=\"image.default\">\n\t\t\t\t\t\t\t\t\t\t\t\t\t\t\t<img decoding=\"async\" width=\"769\" height=\"1024\" src=\"https:\/\/lccs.pl\/wp-content\/uploads\/2025\/10\/Frame-6-2-769x1024.png\" class=\"attachment-large size-large wp-image-2239\" alt=\"\" srcset=\"https:\/\/lccs.pl\/wp-content\/uploads\/2025\/10\/Frame-6-2-769x1024.png 769w, https:\/\/lccs.pl\/wp-content\/uploads\/2025\/10\/Frame-6-2-225x300.png 225w, https:\/\/lccs.pl\/wp-content\/uploads\/2025\/10\/Frame-6-2-768x1023.png 768w, https:\/\/lccs.pl\/wp-content\/uploads\/2025\/10\/Frame-6-2-1153x1536.png 1153w, https:\/\/lccs.pl\/wp-content\/uploads\/2025\/10\/Frame-6-2-1537x2048.png 1537w, https:\/\/lccs.pl\/wp-content\/uploads\/2025\/10\/Frame-6-2-scaled.png 1921w\" sizes=\"(max-width: 769px) 100vw, 769px\" \/>\t\t\t\t\t\t\t\t\t\t\t\t\t\t\t<\/div>\n\t\t\t\t\t<\/div>\n\t\t\t\t<\/div>\n\t\t<div class=\"elementor-element elementor-element-eeeeb73 e-flex e-con-boxed e-con e-parent\" data-id=\"eeeeb73\" data-element_type=\"container\" data-e-type=\"container\">\n\t\t\t\t\t<div class=\"e-con-inner\">\n\t\t\t\t<div class=\"elementor-element elementor-element-56203c1 elementor-widget elementor-widget-image\" data-id=\"56203c1\" data-element_type=\"widget\" data-e-type=\"widget\" data-widget_type=\"image.default\">\n\t\t\t\t\t\t\t\t\t\t\t\t\t\t\t<img loading=\"lazy\" decoding=\"async\" width=\"768\" height=\"1024\" src=\"https:\/\/lccs.pl\/wp-content\/uploads\/2025\/10\/Frame-1-768x1024.png\" class=\"attachment-large size-large wp-image-2207\" alt=\"\" srcset=\"https:\/\/lccs.pl\/wp-content\/uploads\/2025\/10\/Frame-1-768x1023.png 768w, https:\/\/lccs.pl\/wp-content\/uploads\/2025\/10\/Frame-1-225x300.png 225w, https:\/\/lccs.pl\/wp-content\/uploads\/2025\/10\/Frame-1-1153x1536.png 1153w, https:\/\/lccs.pl\/wp-content\/uploads\/2025\/10\/Frame-1-1537x2048.png 1537w, https:\/\/lccs.pl\/wp-content\/uploads\/2025\/10\/Frame-1-scaled.png 1921w\" sizes=\"(max-width: 768px) 100vw, 768px\" \/>\t\t\t\t\t\t\t\t\t\t\t\t\t\t\t<\/div>\n\t\t\t\t\t<\/div>\n\t\t\t\t<\/div>\n\t\t<div class=\"elementor-element elementor-element-72a0c09 e-flex e-con-boxed e-con e-parent\" data-id=\"72a0c09\" data-element_type=\"container\" data-e-type=\"container\">\n\t\t\t\t\t<div class=\"e-con-inner\">\n\t\t\t\t<div class=\"elementor-element elementor-element-31dc06d elementor-widget elementor-widget-image\" data-id=\"31dc06d\" data-element_type=\"widget\" data-e-type=\"widget\" data-widget_type=\"image.default\">\n\t\t\t\t\t\t\t\t\t\t\t\t\t\t\t<img loading=\"lazy\" decoding=\"async\" width=\"768\" height=\"1024\" src=\"https:\/\/lccs.pl\/wp-content\/uploads\/2025\/10\/Frame-5-768x1024.png\" class=\"attachment-large size-large wp-image-2211\" alt=\"\" srcset=\"https:\/\/lccs.pl\/wp-content\/uploads\/2025\/10\/Frame-5-768x1023.png 768w, https:\/\/lccs.pl\/wp-content\/uploads\/2025\/10\/Frame-5-225x300.png 225w, https:\/\/lccs.pl\/wp-content\/uploads\/2025\/10\/Frame-5-1153x1536.png 1153w, https:\/\/lccs.pl\/wp-content\/uploads\/2025\/10\/Frame-5-1537x2048.png 1537w, https:\/\/lccs.pl\/wp-content\/uploads\/2025\/10\/Frame-5-scaled.png 1921w\" sizes=\"(max-width: 768px) 100vw, 768px\" \/>\t\t\t\t\t\t\t\t\t\t\t\t\t\t\t<\/div>\n\t\t\t\t\t<\/div>\n\t\t\t\t<\/div>\n\t\t<div class=\"elementor-element elementor-element-bcf8539 e-flex e-con-boxed e-con e-parent\" data-id=\"bcf8539\" data-element_type=\"container\" data-e-type=\"container\">\n\t\t\t\t\t<div class=\"e-con-inner\">\n\t\t\t\t<div class=\"elementor-element elementor-element-5a1a6e8 elementor-widget elementor-widget-image\" data-id=\"5a1a6e8\" data-element_type=\"widget\" data-e-type=\"widget\" data-widget_type=\"image.default\">\n\t\t\t\t\t\t\t\t\t\t\t\t\t\t\t<img loading=\"lazy\" decoding=\"async\" width=\"768\" height=\"1024\" src=\"https:\/\/lccs.pl\/wp-content\/uploads\/2025\/10\/Frame-1-2-768x1024.png\" class=\"attachment-large size-large wp-image-2208\" alt=\"\" srcset=\"https:\/\/lccs.pl\/wp-content\/uploads\/2025\/10\/Frame-1-2-768x1023.png 768w, https:\/\/lccs.pl\/wp-content\/uploads\/2025\/10\/Frame-1-2-225x300.png 225w, https:\/\/lccs.pl\/wp-content\/uploads\/2025\/10\/Frame-1-2-1153x1536.png 1153w, https:\/\/lccs.pl\/wp-content\/uploads\/2025\/10\/Frame-1-2-1537x2048.png 1537w, https:\/\/lccs.pl\/wp-content\/uploads\/2025\/10\/Frame-1-2-scaled.png 1921w\" sizes=\"(max-width: 768px) 100vw, 768px\" \/>\t\t\t\t\t\t\t\t\t\t\t\t\t\t\t<\/div>\n\t\t\t\t\t<\/div>\n\t\t\t\t<\/div>\n\t\t<div class=\"elementor-element elementor-element-7b9ba2f e-flex e-con-boxed e-con e-parent\" data-id=\"7b9ba2f\" data-element_type=\"container\" data-e-type=\"container\">\n\t\t\t\t\t<div class=\"e-con-inner\">\n\t\t\t\t<div class=\"elementor-element elementor-element-670715e elementor-align-center elementor-widget elementor-widget-button\" data-id=\"670715e\" data-element_type=\"widget\" data-e-type=\"widget\" data-widget_type=\"button.default\">\n\t\t\t\t\t\t\t\t\t\t<a class=\"elementor-button elementor-button-link elementor-size-sm\" href=\"https:\/\/lccs.pl\/index.php\/kontakty\/\">\n\t\t\t\t\t\t<span class=\"elementor-button-content-wrapper\">\n\t\t\t\t\t\t\t\t\t<span class=\"elementor-button-text\">Zarezerwuj swoj\u0105 sesj\u0119 zdj\u0119ciow\u0105<\/span>\n\t\t\t\t\t<\/span>\n\t\t\t\t\t<\/a>\n\t\t\t\t\t\t\t\t<\/div>\n\t\t\t\t\t<\/div>\n\t\t\t\t<\/div>\n\t\t\t\t<\/div>\n\t\t","protected":false},"excerpt":{"rendered":"<p>Zarezerwuj swoj\u0105 sesj\u0119 zdj\u0119ciow\u0105<\/p>\n","protected":false},"author":1,"featured_media":0,"parent":0,"menu_order":0,"comment_status":"closed","ping_status":"closed","template":"elementor_header_footer","meta":{"_eb_attr":"","footnotes":""},"class_list":["post-2221","page","type-page","status-publish","hentry","entry"],"_links":{"self":[{"href":"https:\/\/lccs.pl\/index.php\/wp-json\/wp\/v2\/pages\/2221","targetHints":{"allow":["GET"]}}],"collection":[{"href":"https:\/\/lccs.pl\/index.php\/wp-json\/wp\/v2\/pages"}],"about":[{"href":"https:\/\/lccs.pl\/index.php\/wp-json\/wp\/v2\/types\/page"}],"author":[{"embeddable":true,"href":"https:\/\/lccs.pl\/index.php\/wp-json\/wp\/v2\/users\/1"}],"replies":[{"embeddable":true,"href":"https:\/\/lccs.pl\/index.php\/wp-json\/wp\/v2\/comments?post=2221"}],"version-history":[{"count":16,"href":"https:\/\/lccs.pl\/index.php\/wp-json\/wp\/v2\/pages\/2221\/revisions"}],"predecessor-version":[{"id":2366,"href":"https:\/\/lccs.pl\/index.php\/wp-json\/wp\/v2\/pages\/2221\/revisions\/2366"}],"wp:attachment":[{"href":"https:\/\/lccs.pl\/index.php\/wp-json\/wp\/v2\/media?parent=2221"}],"curies":[{"name":"wp","href":"https:\/\/api.w.org\/{rel}","templated":true}]}}