{"id":2152,"date":"2025-09-25T15:00:38","date_gmt":"2025-09-25T13:00:38","guid":{"rendered":"https:\/\/lccs.pl\/?page_id=2152"},"modified":"2025-11-06T10:35:23","modified_gmt":"2025-11-06T09:35:23","slug":"sesje-zdjeciowe-mezczyzn","status":"publish","type":"page","link":"https:\/\/lccs.pl\/index.php\/sesje-zdjeciowe-mezczyzn\/","title":{"rendered":"Sesje zdj\u0119ciowe m\u0119\u017cczyzn"},"content":{"rendered":"\t\t<div data-elementor-type=\"wp-page\" data-elementor-id=\"2152\" class=\"elementor elementor-2152\">\n\t\t\t\t<div class=\"elementor-element elementor-element-7c07e75 e-flex e-con-boxed e-con e-parent\" data-id=\"7c07e75\" data-element_type=\"container\" data-e-type=\"container\">\n\t\t\t\t\t<div class=\"e-con-inner\">\n\t\t\t\t<div class=\"elementor-element elementor-element-15f6e1f elementor-widget elementor-widget-image\" data-id=\"15f6e1f\" data-element_type=\"widget\" data-e-type=\"widget\" data-widget_type=\"image.default\">\n\t\t\t\t\t\t\t\t\t\t\t\t\t\t\t<img fetchpriority=\"high\" decoding=\"async\" width=\"1024\" height=\"683\" src=\"https:\/\/lccs.pl\/wp-content\/uploads\/2025\/11\/v_DSC2591-1-1024x683.jpg\" class=\"attachment-large size-large wp-image-2402\" alt=\"\" srcset=\"https:\/\/lccs.pl\/wp-content\/uploads\/2025\/11\/v_DSC2591-1-1024x683.jpg 1024w, https:\/\/lccs.pl\/wp-content\/uploads\/2025\/11\/v_DSC2591-1-300x200.jpg 300w, https:\/\/lccs.pl\/wp-content\/uploads\/2025\/11\/v_DSC2591-1-768x512.jpg 768w, https:\/\/lccs.pl\/wp-content\/uploads\/2025\/11\/v_DSC2591-1-1536x1024.jpg 1536w, https:\/\/lccs.pl\/wp-content\/uploads\/2025\/11\/v_DSC2591-1.jpg 1600w\" sizes=\"(max-width: 1024px) 100vw, 1024px\" \/>\t\t\t\t\t\t\t\t\t\t\t\t\t\t\t<\/div>\n\t\t\t\t\t<\/div>\n\t\t\t\t<\/div>\n\t\t<div class=\"elementor-element elementor-element-4ae0033 e-flex e-con-boxed e-con e-parent\" data-id=\"4ae0033\" data-element_type=\"container\" data-e-type=\"container\">\n\t\t\t\t\t<div class=\"e-con-inner\">\n\t\t\t\t<div class=\"elementor-element elementor-element-79e6fcc elementor-widget elementor-widget-image\" data-id=\"79e6fcc\" data-element_type=\"widget\" data-e-type=\"widget\" data-widget_type=\"image.default\">\n\t\t\t\t\t\t\t\t\t\t\t\t\t\t\t<img decoding=\"async\" width=\"1024\" height=\"683\" src=\"https:\/\/lccs.pl\/wp-content\/uploads\/2025\/11\/1a-1024x683.jpg\" class=\"attachment-large size-large wp-image-2400\" alt=\"\" srcset=\"https:\/\/lccs.pl\/wp-content\/uploads\/2025\/11\/1a-1024x683.jpg 1024w, https:\/\/lccs.pl\/wp-content\/uploads\/2025\/11\/1a-300x200.jpg 300w, https:\/\/lccs.pl\/wp-content\/uploads\/2025\/11\/1a-768x512.jpg 768w, https:\/\/lccs.pl\/wp-content\/uploads\/2025\/11\/1a-1536x1024.jpg 1536w, https:\/\/lccs.pl\/wp-content\/uploads\/2025\/11\/1a-2048x1365.jpg 2048w\" sizes=\"(max-width: 1024px) 100vw, 1024px\" \/>\t\t\t\t\t\t\t\t\t\t\t\t\t\t\t<\/div>\n\t\t\t\t\t<\/div>\n\t\t\t\t<\/div>\n\t\t<div class=\"elementor-element elementor-element-7ad6fca e-flex e-con-boxed e-con e-parent\" data-id=\"7ad6fca\" data-element_type=\"container\" data-e-type=\"container\">\n\t\t\t\t\t<div class=\"e-con-inner\">\n\t\t<div class=\"elementor-element elementor-element-039ff87 e-con-full e-flex e-con e-child\" data-id=\"039ff87\" data-element_type=\"container\" data-e-type=\"container\">\n\t\t\t\t<div class=\"elementor-element elementor-element-35286ad elementor-widget elementor-widget-image\" data-id=\"35286ad\" data-element_type=\"widget\" data-e-type=\"widget\" data-widget_type=\"image.default\">\n\t\t\t\t\t\t\t\t\t\t\t\t\t\t\t<img decoding=\"async\" width=\"1024\" height=\"683\" src=\"https:\/\/lccs.pl\/wp-content\/uploads\/2025\/09\/e-6-a-1024x683.jpg\" class=\"attachment-large size-large wp-image-2005\" alt=\"\" srcset=\"https:\/\/lccs.pl\/wp-content\/uploads\/2025\/09\/e-6-a-1024x683.jpg 1024w, https:\/\/lccs.pl\/wp-content\/uploads\/2025\/09\/e-6-a-300x200.jpg 300w, https:\/\/lccs.pl\/wp-content\/uploads\/2025\/09\/e-6-a-768x512.jpg 768w, https:\/\/lccs.pl\/wp-content\/uploads\/2025\/09\/e-6-a-1536x1024.jpg 1536w, https:\/\/lccs.pl\/wp-content\/uploads\/2025\/09\/e-6-a.jpg 1602w\" sizes=\"(max-width: 1024px) 100vw, 1024px\" \/>\t\t\t\t\t\t\t\t\t\t\t\t\t\t\t<\/div>\n\t\t\t\t<\/div>\n\t\t\t\t\t<\/div>\n\t\t\t\t<\/div>\n\t\t<div class=\"elementor-element elementor-element-6094bd3 e-flex e-con-boxed e-con e-parent\" data-id=\"6094bd3\" data-element_type=\"container\" data-e-type=\"container\">\n\t\t\t\t\t<div class=\"e-con-inner\">\n\t\t<div class=\"elementor-element elementor-element-eae431e e-con-full e-flex e-con e-child\" data-id=\"eae431e\" data-element_type=\"container\" data-e-type=\"container\">\n\t\t\t\t<div class=\"elementor-element elementor-element-7c2a0bf elementor-widget elementor-widget-image\" data-id=\"7c2a0bf\" data-element_type=\"widget\" data-e-type=\"widget\" data-widget_type=\"image.default\">\n\t\t\t\t\t\t\t\t\t\t\t\t\t\t\t<img loading=\"lazy\" decoding=\"async\" width=\"683\" height=\"1024\" src=\"https:\/\/lccs.pl\/wp-content\/uploads\/2025\/09\/21-683x1024.jpg\" class=\"attachment-large size-large wp-image-2173\" alt=\"\" srcset=\"https:\/\/lccs.pl\/wp-content\/uploads\/2025\/09\/21-683x1024.jpg 683w, https:\/\/lccs.pl\/wp-content\/uploads\/2025\/09\/21-200x300.jpg 200w, https:\/\/lccs.pl\/wp-content\/uploads\/2025\/09\/21-768x1152.jpg 768w, https:\/\/lccs.pl\/wp-content\/uploads\/2025\/09\/21-1024x1536.jpg 1024w, https:\/\/lccs.pl\/wp-content\/uploads\/2025\/09\/21.jpg 1067w\" sizes=\"(max-width: 683px) 100vw, 683px\" \/>\t\t\t\t\t\t\t\t\t\t\t\t\t\t\t<\/div>\n\t\t\t\t<\/div>\n\t\t\t\t\t<\/div>\n\t\t\t\t<\/div>\n\t\t<div class=\"elementor-element elementor-element-7ce7972 e-flex e-con-boxed e-con e-parent\" data-id=\"7ce7972\" data-element_type=\"container\" data-e-type=\"container\">\n\t\t\t\t\t<div class=\"e-con-inner\">\n\t\t<div class=\"elementor-element elementor-element-e11ba97 e-con-full e-flex e-con e-child\" data-id=\"e11ba97\" data-element_type=\"container\" data-e-type=\"container\">\n\t\t\t\t<div class=\"elementor-element elementor-element-17a5e40 elementor-widget elementor-widget-image\" data-id=\"17a5e40\" data-element_type=\"widget\" data-e-type=\"widget\" data-widget_type=\"image.default\">\n\t\t\t\t\t\t\t\t\t\t\t\t\t\t\t<img loading=\"lazy\" decoding=\"async\" width=\"683\" height=\"1024\" src=\"https:\/\/lccs.pl\/wp-content\/uploads\/2025\/09\/24-1-683x1024.jpg\" class=\"attachment-large size-large wp-image-2159\" alt=\"\" srcset=\"https:\/\/lccs.pl\/wp-content\/uploads\/2025\/09\/24-1-683x1024.jpg 683w, https:\/\/lccs.pl\/wp-content\/uploads\/2025\/09\/24-1-200x300.jpg 200w, https:\/\/lccs.pl\/wp-content\/uploads\/2025\/09\/24-1-768x1152.jpg 768w, https:\/\/lccs.pl\/wp-content\/uploads\/2025\/09\/24-1-1024x1536.jpg 1024w, https:\/\/lccs.pl\/wp-content\/uploads\/2025\/09\/24-1.jpg 1067w\" sizes=\"(max-width: 683px) 100vw, 683px\" \/>\t\t\t\t\t\t\t\t\t\t\t\t\t\t\t<\/div>\n\t\t\t\t<\/div>\n\t\t\t\t\t<\/div>\n\t\t\t\t<\/div>\n\t\t<div class=\"elementor-element elementor-element-5c4e2a9 e-flex e-con-boxed e-con e-parent\" data-id=\"5c4e2a9\" data-element_type=\"container\" data-e-type=\"container\">\n\t\t\t\t\t<div class=\"e-con-inner\">\n\t\t<div class=\"elementor-element elementor-element-d6397d9 e-con-full e-flex e-con e-child\" data-id=\"d6397d9\" data-element_type=\"container\" data-e-type=\"container\">\n\t\t\t\t<div class=\"elementor-element elementor-element-4be8051 elementor-widget elementor-widget-image\" data-id=\"4be8051\" data-element_type=\"widget\" data-e-type=\"widget\" data-widget_type=\"image.default\">\n\t\t\t\t\t\t\t\t\t\t\t\t\t\t\t<img loading=\"lazy\" decoding=\"async\" width=\"1024\" height=\"683\" src=\"https:\/\/lccs.pl\/wp-content\/uploads\/2025\/09\/22-1024x683.jpg\" class=\"attachment-large size-large wp-image-2164\" alt=\"\" srcset=\"https:\/\/lccs.pl\/wp-content\/uploads\/2025\/09\/22-1024x683.jpg 1024w, https:\/\/lccs.pl\/wp-content\/uploads\/2025\/09\/22-300x200.jpg 300w, https:\/\/lccs.pl\/wp-content\/uploads\/2025\/09\/22-768x512.jpg 768w, https:\/\/lccs.pl\/wp-content\/uploads\/2025\/09\/22-1536x1024.jpg 1536w, https:\/\/lccs.pl\/wp-content\/uploads\/2025\/09\/22.jpg 1600w\" sizes=\"(max-width: 1024px) 100vw, 1024px\" \/>\t\t\t\t\t\t\t\t\t\t\t\t\t\t\t<\/div>\n\t\t\t\t<\/div>\n\t\t\t\t\t<\/div>\n\t\t\t\t<\/div>\n\t\t<div class=\"elementor-element elementor-element-09fca17 e-flex e-con-boxed e-con e-parent\" data-id=\"09fca17\" data-element_type=\"container\" data-e-type=\"container\">\n\t\t\t\t\t<div class=\"e-con-inner\">\n\t\t\t\t<div class=\"elementor-element elementor-element-c6eecc2 elementor-widget elementor-widget-image\" data-id=\"c6eecc2\" data-element_type=\"widget\" data-e-type=\"widget\" data-widget_type=\"image.default\">\n\t\t\t\t\t\t\t\t\t\t\t\t\t\t\t<img loading=\"lazy\" decoding=\"async\" width=\"683\" height=\"1024\" src=\"https:\/\/lccs.pl\/wp-content\/uploads\/2025\/11\/v_DSC2591-4-683x1024.jpg\" class=\"attachment-large size-large wp-image-2403\" alt=\"\" srcset=\"https:\/\/lccs.pl\/wp-content\/uploads\/2025\/11\/v_DSC2591-4-683x1024.jpg 683w, https:\/\/lccs.pl\/wp-content\/uploads\/2025\/11\/v_DSC2591-4-200x300.jpg 200w, https:\/\/lccs.pl\/wp-content\/uploads\/2025\/11\/v_DSC2591-4-768x1152.jpg 768w, https:\/\/lccs.pl\/wp-content\/uploads\/2025\/11\/v_DSC2591-4-1024x1536.jpg 1024w, https:\/\/lccs.pl\/wp-content\/uploads\/2025\/11\/v_DSC2591-4.jpg 1067w\" sizes=\"(max-width: 683px) 100vw, 683px\" \/>\t\t\t\t\t\t\t\t\t\t\t\t\t\t\t<\/div>\n\t\t\t\t\t<\/div>\n\t\t\t\t<\/div>\n\t\t<div class=\"elementor-element elementor-element-2a97dbe e-flex e-con-boxed e-con e-parent\" data-id=\"2a97dbe\" data-element_type=\"container\" data-e-type=\"container\">\n\t\t\t\t\t<div class=\"e-con-inner\">\n\t\t\t\t\t<\/div>\n\t\t\t\t<\/div>\n\t\t\t\t<\/div>\n\t\t","protected":false},"excerpt":{"rendered":"","protected":false},"author":1,"featured_media":0,"parent":0,"menu_order":0,"comment_status":"closed","ping_status":"closed","template":"elementor_header_footer","meta":{"_eb_attr":"","footnotes":""},"class_list":["post-2152","page","type-page","status-publish","hentry","entry"],"_links":{"self":[{"href":"https:\/\/lccs.pl\/index.php\/wp-json\/wp\/v2\/pages\/2152","targetHints":{"allow":["GET"]}}],"collection":[{"href":"https:\/\/lccs.pl\/index.php\/wp-json\/wp\/v2\/pages"}],"about":[{"href":"https:\/\/lccs.pl\/index.php\/wp-json\/wp\/v2\/types\/page"}],"author":[{"embeddable":true,"href":"https:\/\/lccs.pl\/index.php\/wp-json\/wp\/v2\/users\/1"}],"replies":[{"embeddable":true,"href":"https:\/\/lccs.pl\/index.php\/wp-json\/wp\/v2\/comments?post=2152"}],"version-history":[{"count":13,"href":"https:\/\/lccs.pl\/index.php\/wp-json\/wp\/v2\/pages\/2152\/revisions"}],"predecessor-version":[{"id":2406,"href":"https:\/\/lccs.pl\/index.php\/wp-json\/wp\/v2\/pages\/2152\/revisions\/2406"}],"wp:attachment":[{"href":"https:\/\/lccs.pl\/index.php\/wp-json\/wp\/v2\/media?parent=2152"}],"curies":[{"name":"wp","href":"https:\/\/api.w.org\/{rel}","templated":true}]}}