{"id":2009,"date":"2025-09-18T10:48:22","date_gmt":"2025-09-18T08:48:22","guid":{"rendered":"https:\/\/lccs.pl\/?page_id=2009"},"modified":"2025-09-19T10:01:21","modified_gmt":"2025-09-19T08:01:21","slug":"milosc-do-koni-sesja-zdjeciowa-w-warszawie","status":"publish","type":"page","link":"https:\/\/lccs.pl\/index.php\/milosc-do-koni-sesja-zdjeciowa-w-warszawie\/","title":{"rendered":"Mi\u0142o\u015b\u0107 do Koni Sesja zdj\u0119ciowa w Warszawie"},"content":{"rendered":"\t\t<div data-elementor-type=\"wp-page\" data-elementor-id=\"2009\" class=\"elementor elementor-2009\">\n\t\t\t\t<div class=\"elementor-element elementor-element-45f53e6 e-flex e-con-boxed e-con e-parent\" data-id=\"45f53e6\" data-element_type=\"container\" data-e-type=\"container\">\n\t\t\t\t\t<div class=\"e-con-inner\">\n\t\t\t\t<div class=\"elementor-element elementor-element-354fe5f elementor-widget elementor-widget-text-editor\" data-id=\"354fe5f\" data-element_type=\"widget\" data-e-type=\"widget\" data-widget_type=\"text-editor.default\">\n\t\t\t\t\t\t\t\t\t<div dir=\"auto\">Masz pasj\u0119? Ta dziewczyna na pewno j\u0105 ma \u2013 to\u00a0 konie!<\/div><div dir=\"auto\">Te niesamowite zwierz\u0119ta zawsze s\u0105 blisko cz\u0142owieka. S\u0105 m\u0105dre, wierne, czasem uparte, ale niezwykle pi\u0119kne i pe\u0142ne gracji. Taka sesja zdj\u0119ciowa dla mnie to sama przyjemno\u015b\u0107!<\/div><div dir=\"auto\">Je\u015bli szukasz fotografa lub kamerzysty \u2014 napisz do mnie!<\/div><div dir=\"auto\">\u00a0<\/div><div dir=\"auto\">Sierpie\u0144 2025<\/div>\t\t\t\t\t\t\t\t<\/div>\n\t\t\t\t<div class=\"elementor-element elementor-element-d4f7d18 elementor-widget elementor-widget-image\" data-id=\"d4f7d18\" data-element_type=\"widget\" data-e-type=\"widget\" data-widget_type=\"image.default\">\n\t\t\t\t\t\t\t\t\t\t\t\t\t\t\t<img fetchpriority=\"high\" decoding=\"async\" width=\"1536\" height=\"1025\" src=\"https:\/\/lccs.pl\/wp-content\/uploads\/2025\/09\/13-1536x1025.jpg\" class=\"attachment-1536x1536 size-1536x1536 wp-image-2073\" alt=\"\" srcset=\"https:\/\/lccs.pl\/wp-content\/uploads\/2025\/09\/13-1536x1025.jpg 1536w, https:\/\/lccs.pl\/wp-content\/uploads\/2025\/09\/13-300x200.jpg 300w, https:\/\/lccs.pl\/wp-content\/uploads\/2025\/09\/13-1024x683.jpg 1024w, https:\/\/lccs.pl\/wp-content\/uploads\/2025\/09\/13-768x512.jpg 768w, https:\/\/lccs.pl\/wp-content\/uploads\/2025\/09\/13.jpg 1790w\" sizes=\"(max-width: 1536px) 100vw, 1536px\" \/>\t\t\t\t\t\t\t\t\t\t\t\t\t\t\t<\/div>\n\t\t\t\t<div class=\"elementor-element elementor-element-3f61fa2 elementor-widget elementor-widget-image\" data-id=\"3f61fa2\" data-element_type=\"widget\" data-e-type=\"widget\" data-widget_type=\"image.default\">\n\t\t\t\t\t\t\t\t\t\t\t\t\t\t\t<img decoding=\"async\" width=\"683\" height=\"1024\" src=\"https:\/\/lccs.pl\/wp-content\/uploads\/2025\/09\/8-m-683x1024.jpg\" class=\"attachment-large size-large wp-image-1943\" alt=\"\" srcset=\"https:\/\/lccs.pl\/wp-content\/uploads\/2025\/09\/8-m-683x1024.jpg 683w, https:\/\/lccs.pl\/wp-content\/uploads\/2025\/09\/8-m-200x300.jpg 200w, https:\/\/lccs.pl\/wp-content\/uploads\/2025\/09\/8-m.jpg 739w\" sizes=\"(max-width: 683px) 100vw, 683px\" \/>\t\t\t\t\t\t\t\t\t\t\t\t\t\t\t<\/div>\n\t\t\t\t\t<\/div>\n\t\t\t\t<\/div>\n\t\t<div class=\"elementor-element elementor-element-888c3c3 e-flex e-con-boxed e-con e-parent\" data-id=\"888c3c3\" data-element_type=\"container\" data-e-type=\"container\">\n\t\t\t\t\t<div class=\"e-con-inner\">\n\t\t<div class=\"elementor-element elementor-element-782ddd4 e-con-full e-flex e-con e-child\" data-id=\"782ddd4\" data-element_type=\"container\" data-e-type=\"container\">\n\t\t\t\t<div class=\"elementor-element elementor-element-fd55921 elementor-widget elementor-widget-image\" data-id=\"fd55921\" data-element_type=\"widget\" data-e-type=\"widget\" data-widget_type=\"image.default\">\n\t\t\t\t\t\t\t\t\t\t\t\t\t\t\t<img decoding=\"async\" width=\"747\" height=\"498\" src=\"https:\/\/lccs.pl\/wp-content\/uploads\/2025\/09\/16-m.jpg\" class=\"attachment-large size-large wp-image-1950\" alt=\"\" srcset=\"https:\/\/lccs.pl\/wp-content\/uploads\/2025\/09\/16-m.jpg 747w, https:\/\/lccs.pl\/wp-content\/uploads\/2025\/09\/16-m-300x200.jpg 300w\" sizes=\"(max-width: 747px) 100vw, 747px\" \/>\t\t\t\t\t\t\t\t\t\t\t\t\t\t\t<\/div>\n\t\t\t\t<\/div>\n\t\t\t\t\t<\/div>\n\t\t\t\t<\/div>\n\t\t<div class=\"elementor-element elementor-element-108038c e-flex e-con-boxed e-con e-parent\" data-id=\"108038c\" data-element_type=\"container\" data-e-type=\"container\">\n\t\t\t\t\t<div class=\"e-con-inner\">\n\t\t<div class=\"elementor-element elementor-element-bfd2334 e-con-full e-flex e-con e-child\" data-id=\"bfd2334\" data-element_type=\"container\" data-e-type=\"container\">\n\t\t\t\t<\/div>\n\t\t\t\t\t<\/div>\n\t\t\t\t<\/div>\n\t\t<div class=\"elementor-element elementor-element-b24229e e-flex e-con-boxed e-con e-parent\" data-id=\"b24229e\" data-element_type=\"container\" data-e-type=\"container\">\n\t\t\t\t\t<div class=\"e-con-inner\">\n\t\t<div class=\"elementor-element elementor-element-c5c3b1d e-con-full e-flex e-con e-child\" data-id=\"c5c3b1d\" data-element_type=\"container\" data-e-type=\"container\">\n\t\t\t\t<div class=\"elementor-element elementor-element-1cdb98f elementor-widget elementor-widget-image\" data-id=\"1cdb98f\" data-element_type=\"widget\" data-e-type=\"widget\" data-widget_type=\"image.default\">\n\t\t\t\t\t\t\t\t\t\t\t\t\t\t\t<img loading=\"lazy\" decoding=\"async\" width=\"814\" height=\"542\" src=\"https:\/\/lccs.pl\/wp-content\/uploads\/2025\/09\/9-m.jpg\" class=\"attachment-large size-large wp-image-1944\" alt=\"\" srcset=\"https:\/\/lccs.pl\/wp-content\/uploads\/2025\/09\/9-m.jpg 814w, https:\/\/lccs.pl\/wp-content\/uploads\/2025\/09\/9-m-300x200.jpg 300w, https:\/\/lccs.pl\/wp-content\/uploads\/2025\/09\/9-m-768x511.jpg 768w\" sizes=\"(max-width: 814px) 100vw, 814px\" \/>\t\t\t\t\t\t\t\t\t\t\t\t\t\t\t<\/div>\n\t\t\t\t<\/div>\n\t\t\t\t\t<\/div>\n\t\t\t\t<\/div>\n\t\t<div class=\"elementor-element elementor-element-3e2a6cb e-flex e-con-boxed e-con e-parent\" data-id=\"3e2a6cb\" data-element_type=\"container\" data-e-type=\"container\">\n\t\t\t\t\t<div class=\"e-con-inner\">\n\t\t\t\t<div class=\"elementor-element elementor-element-8b1528b elementor-widget elementor-widget-image\" data-id=\"8b1528b\" data-element_type=\"widget\" data-e-type=\"widget\" data-widget_type=\"image.default\">\n\t\t\t\t\t\t\t\t\t\t\t\t\t\t\t<img loading=\"lazy\" decoding=\"async\" width=\"604\" height=\"906\" src=\"https:\/\/lccs.pl\/wp-content\/uploads\/2025\/09\/18m.jpg\" class=\"attachment-1536x1536 size-1536x1536 wp-image-1952\" alt=\"\" srcset=\"https:\/\/lccs.pl\/wp-content\/uploads\/2025\/09\/18m.jpg 604w, https:\/\/lccs.pl\/wp-content\/uploads\/2025\/09\/18m-200x300.jpg 200w\" sizes=\"(max-width: 604px) 100vw, 604px\" \/>\t\t\t\t\t\t\t\t\t\t\t\t\t\t\t<\/div>\n\t\t\t\t\t<\/div>\n\t\t\t\t<\/div>\n\t\t<div class=\"elementor-element elementor-element-8621389 e-flex e-con-boxed e-con e-parent\" data-id=\"8621389\" data-element_type=\"container\" data-e-type=\"container\">\n\t\t\t\t\t<div class=\"e-con-inner\">\n\t\t\t\t<div class=\"elementor-element elementor-element-e1f5a9d elementor-widget elementor-widget-image\" data-id=\"e1f5a9d\" data-element_type=\"widget\" data-e-type=\"widget\" data-widget_type=\"image.default\">\n\t\t\t\t\t\t\t\t\t\t\t\t\t\t\t<img loading=\"lazy\" decoding=\"async\" width=\"1024\" height=\"682\" src=\"https:\/\/lccs.pl\/wp-content\/uploads\/2025\/09\/4-m-1024x682.jpg\" class=\"attachment-large size-large wp-image-1939\" alt=\"\" srcset=\"https:\/\/lccs.pl\/wp-content\/uploads\/2025\/09\/4-m-1024x682.jpg 1024w, https:\/\/lccs.pl\/wp-content\/uploads\/2025\/09\/4-m-300x200.jpg 300w, https:\/\/lccs.pl\/wp-content\/uploads\/2025\/09\/4-m-768x512.jpg 768w, https:\/\/lccs.pl\/wp-content\/uploads\/2025\/09\/4-m.jpg 1442w\" sizes=\"(max-width: 1024px) 100vw, 1024px\" \/>\t\t\t\t\t\t\t\t\t\t\t\t\t\t\t<\/div>\n\t\t\t\t\t<\/div>\n\t\t\t\t<\/div>\n\t\t<div class=\"elementor-element elementor-element-37e857b e-flex e-con-boxed e-con e-parent\" data-id=\"37e857b\" data-element_type=\"container\" data-e-type=\"container\">\n\t\t\t\t\t<div class=\"e-con-inner\">\n\t\t<div class=\"elementor-element elementor-element-88d6cc3 e-con-full e-flex e-con e-child\" data-id=\"88d6cc3\" data-element_type=\"container\" data-e-type=\"container\">\n\t\t\t\t<div class=\"elementor-element elementor-element-683b4f4 elementor-widget elementor-widget-image\" data-id=\"683b4f4\" data-element_type=\"widget\" data-e-type=\"widget\" data-widget_type=\"image.default\">\n\t\t\t\t\t\t\t\t\t\t\t\t\t\t\t<img loading=\"lazy\" decoding=\"async\" width=\"1024\" height=\"683\" src=\"https:\/\/lccs.pl\/wp-content\/uploads\/2025\/09\/36b-\u043c-1024x683.jpg\" class=\"attachment-large size-large wp-image-1956\" alt=\"\" srcset=\"https:\/\/lccs.pl\/wp-content\/uploads\/2025\/09\/36b-\u043c-1024x683.jpg 1024w, https:\/\/lccs.pl\/wp-content\/uploads\/2025\/09\/36b-\u043c-300x200.jpg 300w, https:\/\/lccs.pl\/wp-content\/uploads\/2025\/09\/36b-\u043c-768x512.jpg 768w, https:\/\/lccs.pl\/wp-content\/uploads\/2025\/09\/36b-\u043c-1536x1024.jpg 1536w, https:\/\/lccs.pl\/wp-content\/uploads\/2025\/09\/36b-\u043c-2048x1365.jpg 2048w\" sizes=\"(max-width: 1024px) 100vw, 1024px\" \/>\t\t\t\t\t\t\t\t\t\t\t\t\t\t\t<\/div>\n\t\t\t\t<\/div>\n\t\t\t\t\t<\/div>\n\t\t\t\t<\/div>\n\t\t<div class=\"elementor-element elementor-element-0b16324 e-flex e-con-boxed e-con e-parent\" data-id=\"0b16324\" data-element_type=\"container\" data-e-type=\"container\">\n\t\t\t\t\t<div class=\"e-con-inner\">\n\t\t<div class=\"elementor-element elementor-element-553e1cd e-con-full e-flex e-con e-child\" data-id=\"553e1cd\" data-element_type=\"container\" data-e-type=\"container\">\n\t\t\t\t<div class=\"elementor-element elementor-element-366b856 elementor-widget elementor-widget-image\" data-id=\"366b856\" data-element_type=\"widget\" data-e-type=\"widget\" data-widget_type=\"image.default\">\n\t\t\t\t\t\t\t\t\t\t\t\t\t\t\t<img loading=\"lazy\" decoding=\"async\" width=\"605\" height=\"908\" src=\"https:\/\/lccs.pl\/wp-content\/uploads\/2025\/09\/11-m.jpg\" class=\"attachment-large size-large wp-image-1945\" alt=\"\" srcset=\"https:\/\/lccs.pl\/wp-content\/uploads\/2025\/09\/11-m.jpg 605w, https:\/\/lccs.pl\/wp-content\/uploads\/2025\/09\/11-m-200x300.jpg 200w\" sizes=\"(max-width: 605px) 100vw, 605px\" \/>\t\t\t\t\t\t\t\t\t\t\t\t\t\t\t<\/div>\n\t\t\t\t<\/div>\n\t\t\t\t\t<\/div>\n\t\t\t\t<\/div>\n\t\t<div class=\"elementor-element elementor-element-9bdc0fa e-flex e-con-boxed e-con e-parent\" data-id=\"9bdc0fa\" data-element_type=\"container\" data-e-type=\"container\">\n\t\t\t\t\t<div class=\"e-con-inner\">\n\t\t\t\t<div class=\"elementor-element elementor-element-b165b12 elementor-widget elementor-widget-image\" data-id=\"b165b12\" data-element_type=\"widget\" data-e-type=\"widget\" data-widget_type=\"image.default\">\n\t\t\t\t\t\t\t\t\t\t\t\t\t\t\t<img loading=\"lazy\" decoding=\"async\" width=\"1024\" height=\"682\" src=\"https:\/\/lccs.pl\/wp-content\/uploads\/2025\/09\/15-m-1024x682.jpg\" class=\"attachment-large size-large wp-image-1949\" alt=\"\" srcset=\"https:\/\/lccs.pl\/wp-content\/uploads\/2025\/09\/15-m-1024x682.jpg 1024w, https:\/\/lccs.pl\/wp-content\/uploads\/2025\/09\/15-m-300x200.jpg 300w, https:\/\/lccs.pl\/wp-content\/uploads\/2025\/09\/15-m-768x512.jpg 768w, https:\/\/lccs.pl\/wp-content\/uploads\/2025\/09\/15-m.jpg 1106w\" sizes=\"(max-width: 1024px) 100vw, 1024px\" \/>\t\t\t\t\t\t\t\t\t\t\t\t\t\t\t<\/div>\n\t\t\t\t\t<\/div>\n\t\t\t\t<\/div>\n\t\t\t\t<\/div>\n\t\t","protected":false},"excerpt":{"rendered":"<p>Masz pasj\u0119? Ta dziewczyna na pewno j\u0105 ma \u2013 to\u00a0 konie!Te niesamowite zwierz\u0119ta zawsze s\u0105 blisko cz\u0142owieka. S\u0105 m\u0105dre, wierne, czasem uparte, ale niezwykle pi\u0119kne i pe\u0142ne gracji. Taka sesja zdj\u0119ciowa dla mnie to sama przyjemno\u015b\u0107!Je\u015bli szukasz fotografa lub kamerzysty \u2014 napisz do mnie!\u00a0Sierpie\u0144 2025<\/p>\n","protected":false},"author":1,"featured_media":0,"parent":0,"menu_order":0,"comment_status":"closed","ping_status":"closed","template":"elementor_header_footer","meta":{"_eb_attr":"","footnotes":""},"class_list":["post-2009","page","type-page","status-publish","hentry","entry"],"_links":{"self":[{"href":"https:\/\/lccs.pl\/index.php\/wp-json\/wp\/v2\/pages\/2009","targetHints":{"allow":["GET"]}}],"collection":[{"href":"https:\/\/lccs.pl\/index.php\/wp-json\/wp\/v2\/pages"}],"about":[{"href":"https:\/\/lccs.pl\/index.php\/wp-json\/wp\/v2\/types\/page"}],"author":[{"embeddable":true,"href":"https:\/\/lccs.pl\/index.php\/wp-json\/wp\/v2\/users\/1"}],"replies":[{"embeddable":true,"href":"https:\/\/lccs.pl\/index.php\/wp-json\/wp\/v2\/comments?post=2009"}],"version-history":[{"count":46,"href":"https:\/\/lccs.pl\/index.php\/wp-json\/wp\/v2\/pages\/2009\/revisions"}],"predecessor-version":[{"id":2123,"href":"https:\/\/lccs.pl\/index.php\/wp-json\/wp\/v2\/pages\/2009\/revisions\/2123"}],"wp:attachment":[{"href":"https:\/\/lccs.pl\/index.php\/wp-json\/wp\/v2\/media?parent=2009"}],"curies":[{"name":"wp","href":"https:\/\/api.w.org\/{rel}","templated":true}]}}