{"id":1350,"date":"2025-08-14T14:42:20","date_gmt":"2025-08-14T12:42:20","guid":{"rendered":"https:\/\/lccs.pl\/?page_id=1350"},"modified":"2026-04-02T18:03:32","modified_gmt":"2026-04-02T16:03:32","slug":"foto-pl","status":"publish","type":"page","link":"https:\/\/lccs.pl\/index.php\/foto-pl\/","title":{"rendered":"Foto"},"content":{"rendered":"\t\t<div data-elementor-type=\"wp-page\" data-elementor-id=\"1350\" class=\"elementor elementor-1350\">\n\t\t\t\t<div class=\"elementor-element elementor-element-9de4e58 e-con-full e-flex e-con e-parent\" data-id=\"9de4e58\" data-element_type=\"container\" data-e-type=\"container\">\n\t\t<div class=\"elementor-element elementor-element-e28c0ce e-con-full e-flex e-con e-child\" data-id=\"e28c0ce\" data-element_type=\"container\" data-e-type=\"container\" data-settings=\"{&quot;background_background&quot;:&quot;classic&quot;}\">\n\t\t\t\t<div class=\"elementor-element elementor-element-2ba95d7 elementor-widget elementor-widget-text-editor\" data-id=\"2ba95d7\" data-element_type=\"widget\" data-e-type=\"widget\" data-widget_type=\"text-editor.default\">\n\t\t\t\t\t\t\t\t\t<p>FOTOGRAFIA<\/p>\t\t\t\t\t\t\t\t<\/div>\n\t\t\t\t<\/div>\n\t\t\t\t<\/div>\n\t\t<div class=\"elementor-element elementor-element-1ca80b7 e-con-full e-flex e-con e-parent\" data-id=\"1ca80b7\" data-element_type=\"container\" data-e-type=\"container\" data-settings=\"{&quot;background_background&quot;:&quot;classic&quot;}\">\n\t\t\t\t<div class=\"elementor-element elementor-element-461a797 elementor-widget elementor-widget-text-editor\" data-id=\"461a797\" data-element_type=\"widget\" data-e-type=\"widget\" data-widget_type=\"text-editor.default\">\n\t\t\t\t\t\t\t\t\t<ul><li data-start=\"0\" data-end=\"45\">Fotoreporta\u017c: wydarzenia, koncerty, zawody<\/li><li data-start=\"47\" data-end=\"111\">Sesje rodzinne i indywidualne, naturalne, bez wymuszonych p\u00f3z<\/li><li data-start=\"113\" data-end=\"174\">Fotografia uliczna i podr\u00f3\u017cnicza &#8212; oddanie atmosfery chwili<\/li><li data-start=\"176\" data-end=\"273\">Materia\u0142y wideo- kr\u00f3tkie, dynamiczne filmy do medi\u00f3w spo\u0142eczno\u015bciowych lub archiw\u00f3w<\/li><li data-start=\"275\" data-end=\"289\">Pokazy slajd\u00f3w<\/li><\/ul>\t\t\t\t\t\t\t\t<\/div>\n\t\t\t\t<\/div>\n\t\t<div class=\"elementor-element elementor-element-97a94a1 e-flex e-con-boxed e-con e-parent\" data-id=\"97a94a1\" data-element_type=\"container\" data-e-type=\"container\" data-settings=\"{&quot;background_background&quot;:&quot;classic&quot;}\">\n\t\t\t\t\t<div class=\"e-con-inner\">\n\t\t<div class=\"elementor-element elementor-element-6911238 e-con-full e-flex e-con e-child\" data-id=\"6911238\" data-element_type=\"container\" data-e-type=\"container\">\n\t\t\t\t<div class=\"elementor-element elementor-element-b97c367 elementor-widget elementor-widget-text-editor\" data-id=\"b97c367\" data-element_type=\"widget\" data-e-type=\"widget\" data-widget_type=\"text-editor.default\">\n\t\t\t\t\t\t\t\t\t<p>Sesja zdj\u0119ciowa z koniem<\/p>\t\t\t\t\t\t\t\t<\/div>\n\t\t<div class=\"elementor-element elementor-element-d4b1515 e-con-full e-flex e-con e-child\" data-id=\"d4b1515\" data-element_type=\"container\" data-e-type=\"container\">\n\t\t\t\t<div class=\"elementor-element elementor-element-9ef0236 elementor-widget elementor-widget-image\" data-id=\"9ef0236\" data-element_type=\"widget\" data-e-type=\"widget\" data-widget_type=\"image.default\">\n\t\t\t\t\t\t\t\t\t\t\t\t\t\t\t\t<a href=\"https:\/\/lccs.pl\/index.php\/milosc-do-koni-sesja-zdjeciowa-w-warszawie\/\">\n\t\t\t\t\t\t\t<img fetchpriority=\"high\" decoding=\"async\" width=\"729\" height=\"486\" src=\"https:\/\/lccs.pl\/wp-content\/uploads\/2025\/09\/20-m.jpg\" class=\"attachment-large size-large wp-image-1954\" alt=\"\" srcset=\"https:\/\/lccs.pl\/wp-content\/uploads\/2025\/09\/20-m.jpg 729w, https:\/\/lccs.pl\/wp-content\/uploads\/2025\/09\/20-m-300x200.jpg 300w\" sizes=\"(max-width: 729px) 100vw, 729px\" \/>\t\t\t\t\t\t\t\t<\/a>\n\t\t\t\t\t\t\t\t\t\t\t\t\t\t\t<\/div>\n\t\t\t\t<\/div>\n\t\t\t\t<\/div>\n\t\t<div class=\"elementor-element elementor-element-3cef798 e-con-full e-flex e-con e-child\" data-id=\"3cef798\" data-element_type=\"container\" data-e-type=\"container\">\n\t\t<div class=\"elementor-element elementor-element-c80a9f2 e-con-full e-flex e-con e-child\" data-id=\"c80a9f2\" data-element_type=\"container\" data-e-type=\"container\">\n\t\t\t\t<div class=\"elementor-element elementor-element-67f214b elementor-widget elementor-widget-text-editor\" data-id=\"67f214b\" data-element_type=\"widget\" data-e-type=\"widget\" data-widget_type=\"text-editor.default\">\n\t\t\t\t\t\t\t\t\t<p>Sesje zdj\u0119ciowe kobiet<\/p>\t\t\t\t\t\t\t\t<\/div>\n\t\t\t\t<div class=\"elementor-element elementor-element-7f5ac14 elementor-widget elementor-widget-image\" data-id=\"7f5ac14\" data-element_type=\"widget\" data-e-type=\"widget\" data-widget_type=\"image.default\">\n\t\t\t\t\t\t\t\t\t\t\t\t\t\t\t\t<a href=\"https:\/\/lccs.pl\/index.php\/sesje-zdjeciowe-kobiet\/\">\n\t\t\t\t\t\t\t<img decoding=\"async\" width=\"1024\" height=\"683\" src=\"https:\/\/lccs.pl\/wp-content\/uploads\/2025\/09\/E3-1-1024x683.jpg\" class=\"attachment-large size-large wp-image-1894\" alt=\"\" srcset=\"https:\/\/lccs.pl\/wp-content\/uploads\/2025\/09\/E3-1-1024x683.jpg 1024w, https:\/\/lccs.pl\/wp-content\/uploads\/2025\/09\/E3-1-300x200.jpg 300w, https:\/\/lccs.pl\/wp-content\/uploads\/2025\/09\/E3-1-768x512.jpg 768w, https:\/\/lccs.pl\/wp-content\/uploads\/2025\/09\/E3-1-1536x1024.jpg 1536w, https:\/\/lccs.pl\/wp-content\/uploads\/2025\/09\/E3-1.jpg 1600w\" sizes=\"(max-width: 1024px) 100vw, 1024px\" \/>\t\t\t\t\t\t\t\t<\/a>\n\t\t\t\t\t\t\t\t\t\t\t\t\t\t\t<\/div>\n\t\t\t\t<\/div>\n\t\t\t\t<\/div>\n\t\t\t\t\t<\/div>\n\t\t\t\t<\/div>\n\t\t<div class=\"elementor-element elementor-element-d173945 e-flex e-con-boxed e-con e-parent\" data-id=\"d173945\" data-element_type=\"container\" data-e-type=\"container\" data-settings=\"{&quot;background_background&quot;:&quot;classic&quot;}\">\n\t\t\t\t\t<div class=\"e-con-inner\">\n\t\t<div class=\"elementor-element elementor-element-6ce165c e-con-full e-flex e-con e-child\" data-id=\"6ce165c\" data-element_type=\"container\" data-e-type=\"container\">\n\t\t\t\t<div class=\"elementor-element elementor-element-7c6c0d7 elementor-widget elementor-widget-text-editor\" data-id=\"7c6c0d7\" data-element_type=\"widget\" data-e-type=\"widget\" data-widget_type=\"text-editor.default\">\n\t\t\t\t\t\t\t\t\t<p>Sesja zdj\u0119ciowa osiemnastki w Warszawie<\/p>\t\t\t\t\t\t\t\t<\/div>\n\t\t<div class=\"elementor-element elementor-element-20b0a77 e-con-full e-flex e-con e-child\" data-id=\"20b0a77\" data-element_type=\"container\" data-e-type=\"container\">\n\t\t\t\t<div class=\"elementor-element elementor-element-1f592c8 elementor-widget elementor-widget-image\" data-id=\"1f592c8\" data-element_type=\"widget\" data-e-type=\"widget\" data-widget_type=\"image.default\">\n\t\t\t\t\t\t\t\t\t\t\t\t\t\t\t\t<a href=\"https:\/\/lccs.pl\/index.php\/sesja-zdjeciowa-osiemnastki-w-warszawie\/\">\n\t\t\t\t\t\t\t<img decoding=\"async\" width=\"1024\" height=\"683\" src=\"https:\/\/lccs.pl\/wp-content\/uploads\/2025\/09\/m33A-NEW1-1024x683.jpg\" class=\"attachment-large size-large wp-image-2004\" alt=\"dziewczyna z prezentem na 18 skie\" srcset=\"https:\/\/lccs.pl\/wp-content\/uploads\/2025\/09\/m33A-NEW1-1024x683.jpg 1024w, https:\/\/lccs.pl\/wp-content\/uploads\/2025\/09\/m33A-NEW1-300x200.jpg 300w, https:\/\/lccs.pl\/wp-content\/uploads\/2025\/09\/m33A-NEW1-768x512.jpg 768w, https:\/\/lccs.pl\/wp-content\/uploads\/2025\/09\/m33A-NEW1-1536x1024.jpg 1536w, https:\/\/lccs.pl\/wp-content\/uploads\/2025\/09\/m33A-NEW1.jpg 1602w\" sizes=\"(max-width: 1024px) 100vw, 1024px\" \/>\t\t\t\t\t\t\t\t<\/a>\n\t\t\t\t\t\t\t\t\t\t\t\t\t\t\t<\/div>\n\t\t\t\t<\/div>\n\t\t\t\t<\/div>\n\t\t<div class=\"elementor-element elementor-element-8cc0da6 e-con-full e-flex e-con e-child\" data-id=\"8cc0da6\" data-element_type=\"container\" data-e-type=\"container\">\n\t\t\t\t<div class=\"elementor-element elementor-element-5354c91 elementor-widget elementor-widget-text-editor\" data-id=\"5354c91\" data-element_type=\"widget\" data-e-type=\"widget\" data-widget_type=\"text-editor.default\">\n\t\t\t\t\t\t\t\t\t<p>Sesje zdj\u0119ciowe m\u0119\u017cczyzn<\/p>\t\t\t\t\t\t\t\t<\/div>\n\t\t<div class=\"elementor-element elementor-element-a8d00d0 e-con-full e-flex e-con e-child\" data-id=\"a8d00d0\" data-element_type=\"container\" data-e-type=\"container\">\n\t\t\t\t<div class=\"elementor-element elementor-element-f86b673 elementor-widget elementor-widget-image\" data-id=\"f86b673\" data-element_type=\"widget\" data-e-type=\"widget\" data-widget_type=\"image.default\">\n\t\t\t\t\t\t\t\t\t\t\t\t\t\t\t\t<a href=\"https:\/\/lccs.pl\/index.php\/sesje-zdjeciowe-mezczyzn\/\">\n\t\t\t\t\t\t\t<img loading=\"lazy\" decoding=\"async\" width=\"1024\" height=\"683\" src=\"https:\/\/lccs.pl\/wp-content\/uploads\/2025\/09\/e-6-a-1024x683.jpg\" class=\"attachment-large size-large wp-image-2005\" alt=\"\" srcset=\"https:\/\/lccs.pl\/wp-content\/uploads\/2025\/09\/e-6-a-1024x683.jpg 1024w, https:\/\/lccs.pl\/wp-content\/uploads\/2025\/09\/e-6-a-300x200.jpg 300w, https:\/\/lccs.pl\/wp-content\/uploads\/2025\/09\/e-6-a-768x512.jpg 768w, https:\/\/lccs.pl\/wp-content\/uploads\/2025\/09\/e-6-a-1536x1024.jpg 1536w, https:\/\/lccs.pl\/wp-content\/uploads\/2025\/09\/e-6-a.jpg 1602w\" sizes=\"(max-width: 1024px) 100vw, 1024px\" \/>\t\t\t\t\t\t\t\t<\/a>\n\t\t\t\t\t\t\t\t\t\t\t\t\t\t\t<\/div>\n\t\t\t\t<\/div>\n\t\t\t\t<\/div>\n\t\t\t\t\t<\/div>\n\t\t\t\t<\/div>\n\t\t<div class=\"elementor-element elementor-element-08e91dc e-flex e-con-boxed e-con e-parent\" data-id=\"08e91dc\" data-element_type=\"container\" data-e-type=\"container\" data-settings=\"{&quot;background_background&quot;:&quot;classic&quot;}\">\n\t\t\t\t\t<div class=\"e-con-inner\">\n\t\t<div class=\"elementor-element elementor-element-dae6d7b e-con-full e-flex e-con e-child\" data-id=\"dae6d7b\" data-element_type=\"container\" data-e-type=\"container\">\n\t\t<div class=\"elementor-element elementor-element-2c66d22 e-con-full e-flex e-con e-child\" data-id=\"2c66d22\" data-element_type=\"container\" data-e-type=\"container\">\n\t\t\t\t<div class=\"elementor-element elementor-element-ef5b1ad elementor-widget elementor-widget-text-editor\" data-id=\"ef5b1ad\" data-element_type=\"widget\" data-e-type=\"widget\" data-widget_type=\"text-editor.default\">\n\t\t\t\t\t\t\t\t\t<p>Sesje narzecze\u0144skie<\/p>\t\t\t\t\t\t\t\t<\/div>\n\t\t\t\t<div class=\"elementor-element elementor-element-5b2f84c elementor-widget elementor-widget-image\" data-id=\"5b2f84c\" data-element_type=\"widget\" data-e-type=\"widget\" data-widget_type=\"image.default\">\n\t\t\t\t\t\t\t\t\t\t\t\t\t\t\t\t<a href=\"https:\/\/lccs.pl\/index.php\/pary-sesje-narzeczenskiepary\/\">\n\t\t\t\t\t\t\t<img loading=\"lazy\" decoding=\"async\" width=\"1024\" height=\"683\" src=\"https:\/\/lccs.pl\/wp-content\/uploads\/2025\/10\/30a-1024x683.jpg\" class=\"attachment-large size-large wp-image-2228\" alt=\"\" srcset=\"https:\/\/lccs.pl\/wp-content\/uploads\/2025\/10\/30a-1024x683.jpg 1024w, https:\/\/lccs.pl\/wp-content\/uploads\/2025\/10\/30a-300x200.jpg 300w, https:\/\/lccs.pl\/wp-content\/uploads\/2025\/10\/30a-768x512.jpg 768w, https:\/\/lccs.pl\/wp-content\/uploads\/2025\/10\/30a-1536x1024.jpg 1536w, https:\/\/lccs.pl\/wp-content\/uploads\/2025\/10\/30a-2048x1365.jpg 2048w\" sizes=\"(max-width: 1024px) 100vw, 1024px\" \/>\t\t\t\t\t\t\t\t<\/a>\n\t\t\t\t\t\t\t\t\t\t\t\t\t\t\t<\/div>\n\t\t\t\t<\/div>\n\t\t\t\t<\/div>\n\t\t<div class=\"elementor-element elementor-element-6745a56 e-con-full e-flex e-con e-child\" data-id=\"6745a56\" data-element_type=\"container\" data-e-type=\"container\">\n\t\t<div class=\"elementor-element elementor-element-c8e20c2 e-con-full e-flex e-con e-child\" data-id=\"c8e20c2\" data-element_type=\"container\" data-e-type=\"container\">\n\t\t\t\t<div class=\"elementor-element elementor-element-74f51ab elementor-widget elementor-widget-text-editor\" data-id=\"74f51ab\" data-element_type=\"widget\" data-e-type=\"widget\" data-widget_type=\"text-editor.default\">\n\t\t\t\t\t\t\t\t\t<p>Fotoreporta\u017ce\u00a0<\/p>\t\t\t\t\t\t\t\t<\/div>\n\t\t\t\t<div class=\"elementor-element elementor-element-dd34402 elementor-widget elementor-widget-image\" data-id=\"dd34402\" data-element_type=\"widget\" data-e-type=\"widget\" data-widget_type=\"image.default\">\n\t\t\t\t\t\t\t\t\t\t\t\t\t\t\t\t<a href=\"https:\/\/lccs.pl\/index.php\/fotoreportaze-2\/\">\n\t\t\t\t\t\t\t<img loading=\"lazy\" decoding=\"async\" width=\"1024\" height=\"601\" src=\"https:\/\/lccs.pl\/wp-content\/uploads\/2025\/11\/10-e1762081652276-1024x601.jpg\" class=\"attachment-large size-large wp-image-2310\" alt=\"\" srcset=\"https:\/\/lccs.pl\/wp-content\/uploads\/2025\/11\/10-e1762081652276-1024x601.jpg 1024w, https:\/\/lccs.pl\/wp-content\/uploads\/2025\/11\/10-e1762081652276-300x176.jpg 300w, https:\/\/lccs.pl\/wp-content\/uploads\/2025\/11\/10-e1762081652276-768x451.jpg 768w, https:\/\/lccs.pl\/wp-content\/uploads\/2025\/11\/10-e1762081652276.jpg 1362w\" sizes=\"(max-width: 1024px) 100vw, 1024px\" \/>\t\t\t\t\t\t\t\t<\/a>\n\t\t\t\t\t\t\t\t\t\t\t\t\t\t\t<\/div>\n\t\t\t\t<\/div>\n\t\t\t\t<\/div>\n\t\t\t\t\t<\/div>\n\t\t\t\t<\/div>\n\t\t\t\t<\/div>\n\t\t","protected":false},"excerpt":{"rendered":"<p>FOTOGRAFIA Fotoreporta\u017c: wydarzenia, koncerty, zawody Sesje rodzinne i indywidualne, naturalne, bez wymuszonych p\u00f3z Fotografia uliczna i podr\u00f3\u017cnicza &#8212; oddanie atmosfery chwili Materia\u0142y wideo- kr\u00f3tkie, dynamiczne filmy do medi\u00f3w spo\u0142eczno\u015bciowych lub archiw\u00f3w Pokazy slajd\u00f3w Sesja zdj\u0119ciowa z koniem Sesje zdj\u0119ciowe kobiet Sesja zdj\u0119ciowa osiemnastki w Warszawie Sesje zdj\u0119ciowe m\u0119\u017cczyzn Sesje narzecze\u0144skie Fotoreporta\u017ce\u00a0<\/p>\n","protected":false},"author":1,"featured_media":0,"parent":0,"menu_order":0,"comment_status":"closed","ping_status":"closed","template":"elementor_header_footer","meta":{"_eb_attr":"","footnotes":""},"class_list":["post-1350","page","type-page","status-publish","hentry","entry"],"_links":{"self":[{"href":"https:\/\/lccs.pl\/index.php\/wp-json\/wp\/v2\/pages\/1350","targetHints":{"allow":["GET"]}}],"collection":[{"href":"https:\/\/lccs.pl\/index.php\/wp-json\/wp\/v2\/pages"}],"about":[{"href":"https:\/\/lccs.pl\/index.php\/wp-json\/wp\/v2\/types\/page"}],"author":[{"embeddable":true,"href":"https:\/\/lccs.pl\/index.php\/wp-json\/wp\/v2\/users\/1"}],"replies":[{"embeddable":true,"href":"https:\/\/lccs.pl\/index.php\/wp-json\/wp\/v2\/comments?post=1350"}],"version-history":[{"count":182,"href":"https:\/\/lccs.pl\/index.php\/wp-json\/wp\/v2\/pages\/1350\/revisions"}],"predecessor-version":[{"id":2680,"href":"https:\/\/lccs.pl\/index.php\/wp-json\/wp\/v2\/pages\/1350\/revisions\/2680"}],"wp:attachment":[{"href":"https:\/\/lccs.pl\/index.php\/wp-json\/wp\/v2\/media?parent=1350"}],"curies":[{"name":"wp","href":"https:\/\/api.w.org\/{rel}","templated":true}]}}