{"id":1342,"date":"2025-08-14T14:30:05","date_gmt":"2025-08-14T12:30:05","guid":{"rendered":"https:\/\/lccs.pl\/?page_id=1342"},"modified":"2026-02-19T10:07:16","modified_gmt":"2026-02-19T09:07:16","slug":"grafika-pl","status":"publish","type":"page","link":"https:\/\/lccs.pl\/index.php\/grafika-pl\/","title":{"rendered":"Grafika"},"content":{"rendered":"\t\t<div data-elementor-type=\"wp-page\" data-elementor-id=\"1342\" class=\"elementor elementor-1342\">\n\t\t\t\t<div class=\"elementor-element elementor-element-3885887 e-flex e-con-boxed e-con e-parent\" data-id=\"3885887\" data-element_type=\"container\" data-e-type=\"container\" data-settings=\"{&quot;background_background&quot;:&quot;classic&quot;}\">\n\t\t\t\t\t<div class=\"e-con-inner\">\n\t\t<div class=\"elementor-element elementor-element-0d0e4cc e-con-full e-flex e-con e-child\" data-id=\"0d0e4cc\" data-element_type=\"container\" data-e-type=\"container\">\n\t\t\t\t<div class=\"elementor-element elementor-element-ef4dbc7 elementor-widget elementor-widget-heading\" data-id=\"ef4dbc7\" data-element_type=\"widget\" data-e-type=\"widget\" data-widget_type=\"heading.default\">\n\t\t\t\t\t<h2 class=\"elementor-heading-title elementor-size-default\">GRAFIKA<\/h2>\t\t\t\t<\/div>\n\t\t\t\t<\/div>\n\t\t\t\t\t<\/div>\n\t\t\t\t<\/div>\n\t\t<div class=\"elementor-element elementor-element-390e3b5 e-flex e-con-boxed e-con e-parent\" data-id=\"390e3b5\" data-element_type=\"container\" data-e-type=\"container\">\n\t\t\t\t\t<div class=\"e-con-inner\">\n\t\t<div class=\"elementor-element elementor-element-067b580 e-con-full e-flex e-con e-child\" data-id=\"067b580\" data-element_type=\"container\" data-e-type=\"container\">\n\t\t<div class=\"elementor-element elementor-element-fb19902 e-con-full e-flex e-con e-child\" data-id=\"fb19902\" data-element_type=\"container\" data-e-type=\"container\" data-settings=\"{&quot;background_background&quot;:&quot;classic&quot;}\">\n\t\t\t\t<div class=\"elementor-element elementor-element-119eef0 elementor-widget elementor-widget-text-editor\" data-id=\"119eef0\" data-element_type=\"widget\" data-e-type=\"widget\" data-widget_type=\"text-editor.default\">\n\t\t\t\t\t\t\t\t\t<p data-start=\"114\" data-end=\"171\">Grafika do medi\u00f3w spo\u0142eczno\u015bciowych-<\/p><p data-start=\"114\" data-end=\"171\">\u00a0to Tw\u00f3j stylowy content wizualny.<\/p>\t\t\t\t\t\t\t\t<\/div>\n\t\t<div class=\"elementor-element elementor-element-9621273 e-con-full e-flex e-con e-child\" data-id=\"9621273\" data-element_type=\"container\" data-e-type=\"container\" data-settings=\"{&quot;background_background&quot;:&quot;classic&quot;}\">\n\t\t\t\t<div class=\"elementor-element elementor-element-1a19b55 elementor-widget elementor-widget-text-editor\" data-id=\"1a19b55\" data-element_type=\"widget\" data-e-type=\"widget\" data-widget_type=\"text-editor.default\">\n\t\t\t\t\t\t\t\t\t<p data-start=\"0\" data-end=\"69\">\u00a0<\/p><p data-start=\"0\" data-end=\"69\">We wsp\u00f3\u0142czesnym \u015bwiecie wyrazista i zapadaj\u0105ca w pami\u0119\u0107 oprawa wizualna to klucz do sukcesu w mediach spo\u0142eczno\u015bciowych. Tworz\u0119 unikaln\u0105 grafik\u0119, kt\u00f3ra pozwala Twojej marce wyr\u00f3\u017cni\u0107 si\u0119 na tle konkurencji i przyci\u0105gn\u0105\u0107 uwag\u0119 odbiorc\u00f3w.<\/p>\t\t\t\t\t\t\t\t<\/div>\n\t\t\t\t<div class=\"elementor-element elementor-element-170023a elementor-widget elementor-widget-text-editor\" data-id=\"170023a\" data-element_type=\"widget\" data-e-type=\"widget\" data-widget_type=\"text-editor.default\">\n\t\t\t\t\t\t\t\t\t<p>Tworze wizualizacj\u0119, kt\u00f3ra dzia\u0142a<\/p>\t\t\t\t\t\t\t\t<\/div>\n\t\t\t\t<\/div>\n\t\t\t\t<\/div>\n\t\t\t\t<\/div>\n\t\t\t\t\t<\/div>\n\t\t\t\t<\/div>\n\t\t<div class=\"elementor-element elementor-element-dbd8e9b e-flex e-con-boxed e-con e-parent\" data-id=\"dbd8e9b\" data-element_type=\"container\" data-e-type=\"container\">\n\t\t\t\t\t<div class=\"e-con-inner\">\n\t\t\t\t<div class=\"elementor-element elementor-element-43ff99a elementor-widget elementor-widget-heading\" data-id=\"43ff99a\" data-element_type=\"widget\" data-e-type=\"widget\" data-widget_type=\"heading.default\">\n\t\t\t\t\t<h2 class=\"elementor-heading-title elementor-size-default\">Przyk\u0142ady realizacji dla NGO<\/h2>\t\t\t\t<\/div>\n\t\t\t\t<div class=\"elementor-element elementor-element-2372448 elementor-widget elementor-widget-text-editor\" data-id=\"2372448\" data-element_type=\"widget\" data-e-type=\"widget\" data-widget_type=\"text-editor.default\">\n\t\t\t\t\t\t\t\t\t<p>Posty do medi\u00f3w spo\u0142eczno\u015bciowych fundacji, maj\u0105ce na celu pozyskanie 1,5% podatku na potrzeby podopiecznych w Warszawie dla NGO i inne. Przy tworzeniu materia\u0142\u00f3w graficznych do medi\u00f3w spo\u0142eczno\u015bciowych wykorzystano firmowe kolory, czcionki oraz logo fundacji Prometeusz-Zdrowie Seniora.\u00a0 Grafika zosta\u0142a zaprojektowana w taki spos\u00f3b, aby w spos\u00f3b przejrzysty i emocjonalny pokaza\u0107, na co zostan\u0105 przeznaczone zebrane \u015brodki. Jej celem jest wzbudzenie zaufania oraz zach\u0119cenie odbiorc\u00f3w do wsparcia potrzebuj\u0105cych senior\u00f3w w Warszawie.<\/p>\t\t\t\t\t\t\t\t<\/div>\n\t\t\t\t\t<\/div>\n\t\t\t\t<\/div>\n\t\t<div class=\"elementor-element elementor-element-355707a e-flex e-con-boxed e-con e-parent\" data-id=\"355707a\" data-element_type=\"container\" data-e-type=\"container\">\n\t\t\t\t\t<div class=\"e-con-inner\">\n\t\t\t\t<div class=\"elementor-element elementor-element-0be91d9 elementor-arrows-position-inside elementor-pagination-position-outside elementor-widget elementor-widget-image-carousel\" data-id=\"0be91d9\" data-element_type=\"widget\" data-e-type=\"widget\" data-settings=\"{&quot;navigation&quot;:&quot;both&quot;,&quot;autoplay&quot;:&quot;yes&quot;,&quot;pause_on_hover&quot;:&quot;yes&quot;,&quot;pause_on_interaction&quot;:&quot;yes&quot;,&quot;autoplay_speed&quot;:5000,&quot;infinite&quot;:&quot;yes&quot;,&quot;speed&quot;:500}\" data-widget_type=\"image-carousel.default\">\n\t\t\t\t\t\t\t<div class=\"elementor-image-carousel-wrapper swiper\" role=\"region\" aria-roledescription=\"carousel\" aria-label=\"\u041a\u0430\u0440\u0443\u0441\u0435\u043b\u044c\" dir=\"ltr\">\n\t\t\t<div class=\"elementor-image-carousel swiper-wrapper\" aria-live=\"off\">\n\t\t\t\t\t\t\t\t<div class=\"swiper-slide\" role=\"group\" aria-roledescription=\"slide\" aria-label=\"1 \u0438\u0437 9\"><figure class=\"swiper-slide-inner\"><img decoding=\"async\" class=\"swiper-slide-image\" src=\"https:\/\/lccs.pl\/wp-content\/uploads\/2026\/02\/2-300x169.jpg\" alt=\"xr:d:DAFwx0r2TM4:11,j:5066955346602769453,t:23101210\" \/><\/figure><\/div><div class=\"swiper-slide\" role=\"group\" aria-roledescription=\"slide\" aria-label=\"2 \u0438\u0437 9\"><figure class=\"swiper-slide-inner\"><img decoding=\"async\" class=\"swiper-slide-image\" src=\"https:\/\/lccs.pl\/wp-content\/uploads\/2026\/02\/31a8136c-7ba9-4087-8415-65d6b4cc21f7-300x251.jpg\" alt=\"31a8136c-7ba9-4087-8415-65d6b4cc21f7\" \/><\/figure><\/div><div class=\"swiper-slide\" role=\"group\" aria-roledescription=\"slide\" aria-label=\"3 \u0438\u0437 9\"><figure class=\"swiper-slide-inner\"><img decoding=\"async\" class=\"swiper-slide-image\" src=\"https:\/\/lccs.pl\/wp-content\/uploads\/2026\/02\/KRS-0000377508-300x169.jpg\" alt=\"KRS 0000377508\" \/><\/figure><\/div><div class=\"swiper-slide\" role=\"group\" aria-roledescription=\"slide\" aria-label=\"4 \u0438\u0437 9\"><figure class=\"swiper-slide-inner\"><img decoding=\"async\" class=\"swiper-slide-image\" src=\"https:\/\/lccs.pl\/wp-content\/uploads\/2026\/02\/Pomagamy-tym-kto-1-300x251.jpg\" alt=\"xr:d:DAGB61l0kcI:9,j:8842116320993448821,t:24040918\" \/><\/figure><\/div><div class=\"swiper-slide\" role=\"group\" aria-roledescription=\"slide\" aria-label=\"5 \u0438\u0437 9\"><figure class=\"swiper-slide-inner\"><img decoding=\"async\" class=\"swiper-slide-image\" src=\"https:\/\/lccs.pl\/wp-content\/uploads\/2026\/02\/Szanowni-Panstwo-serdecznie-dziekuje-za-pamiec-i-Karte-Dobra.Przy-obecnie-panujacej-drozyznie-takie-wsparcie-jest-ogromnie-istotne-nie-tylko-daje-mozliwosc-zakupienia-wiekszej-ilosci-potrzebnych-1-300x300.jpg\" alt=\"xr:d:DAFwktdrRwQ:21,j:3798065637569710793,t:23100711\" \/><\/figure><\/div><div class=\"swiper-slide\" role=\"group\" aria-roledescription=\"slide\" aria-label=\"6 \u0438\u0437 9\"><figure class=\"swiper-slide-inner\"><img decoding=\"async\" class=\"swiper-slide-image\" src=\"https:\/\/lccs.pl\/wp-content\/uploads\/2026\/02\/12-300x169.png\" alt=\"12\" \/><\/figure><\/div><div class=\"swiper-slide\" role=\"group\" aria-roledescription=\"slide\" aria-label=\"7 \u0438\u0437 9\"><figure class=\"swiper-slide-inner\"><img decoding=\"async\" class=\"swiper-slide-image\" src=\"https:\/\/lccs.pl\/wp-content\/uploads\/2026\/02\/\u0411\u0435\u0434\u0440\u043e\u043d\u043a\u0430-300x300.jpg\" alt=\"xr:d:DAFwkR4jO_w:18,j:1531629123167654199,t:23100710\" \/><\/figure><\/div><div class=\"swiper-slide\" role=\"group\" aria-roledescription=\"slide\" aria-label=\"8 \u0438\u0437 9\"><figure class=\"swiper-slide-inner\"><img decoding=\"async\" class=\"swiper-slide-image\" src=\"https:\/\/lccs.pl\/wp-content\/uploads\/2026\/02\/1-300x169.jpg\" alt=\"xr:d:DAFwx0r2TM4:11,j:5066955346602769453,t:23101210\" \/><\/figure><\/div><div class=\"swiper-slide\" role=\"group\" aria-roledescription=\"slide\" aria-label=\"9 \u0438\u0437 9\"><figure class=\"swiper-slide-inner\"><img decoding=\"async\" class=\"swiper-slide-image\" src=\"https:\/\/lccs.pl\/wp-content\/uploads\/2026\/02\/123-300x169.png\" alt=\"123\" \/><\/figure><\/div>\t\t\t<\/div>\n\t\t\t\t\t\t\t\t\t\t\t\t<div class=\"elementor-swiper-button elementor-swiper-button-prev\" role=\"button\" tabindex=\"0\">\n\t\t\t\t\t\t<svg aria-hidden=\"true\" class=\"e-font-icon-svg e-eicon-chevron-left\" viewBox=\"0 0 1000 1000\" xmlns=\"http:\/\/www.w3.org\/2000\/svg\"><path d=\"M646 125C629 125 613 133 604 142L308 442C296 454 292 471 292 487 292 504 296 521 308 533L604 854C617 867 629 875 646 875 663 875 679 871 692 858 704 846 713 829 713 812 713 796 708 779 692 767L438 487 692 225C700 217 708 204 708 187 708 171 704 154 692 142 675 129 663 125 646 125Z\"><\/path><\/svg>\t\t\t\t\t<\/div>\n\t\t\t\t\t<div class=\"elementor-swiper-button elementor-swiper-button-next\" role=\"button\" tabindex=\"0\">\n\t\t\t\t\t\t<svg aria-hidden=\"true\" class=\"e-font-icon-svg e-eicon-chevron-right\" viewBox=\"0 0 1000 1000\" xmlns=\"http:\/\/www.w3.org\/2000\/svg\"><path d=\"M696 533C708 521 713 504 713 487 713 471 708 454 696 446L400 146C388 133 375 125 354 125 338 125 325 129 313 142 300 154 292 171 292 187 292 204 296 221 308 233L563 492 304 771C292 783 288 800 288 817 288 833 296 850 308 863 321 871 338 875 354 875 371 875 388 867 400 854L696 533Z\"><\/path><\/svg>\t\t\t\t\t<\/div>\n\t\t\t\t\n\t\t\t\t\t\t\t\t\t<div class=\"swiper-pagination\"><\/div>\n\t\t\t\t\t\t\t\t\t<\/div>\n\t\t\t\t\t\t<\/div>\n\t\t\t\t\t<\/div>\n\t\t\t\t<\/div>\n\t\t<div class=\"elementor-element elementor-element-eb87f7d e-flex e-con-boxed e-con e-parent\" data-id=\"eb87f7d\" data-element_type=\"container\" data-e-type=\"container\">\n\t\t\t\t\t<div class=\"e-con-inner\">\n\t\t<div class=\"elementor-element elementor-element-de0bcb8 e-con-full e-flex e-con e-child\" data-id=\"de0bcb8\" data-element_type=\"container\" data-e-type=\"container\">\n\t\t\t\t<div class=\"elementor-element elementor-element-2f69a49 elementor-widget elementor-widget-video\" data-id=\"2f69a49\" data-element_type=\"widget\" data-e-type=\"widget\" data-settings=\"{&quot;youtube_url&quot;:&quot;https:\\\/\\\/www.youtube.com\\\/watch?v=vfvYymLILvw&amp;embeds_referring_euri=https%3A%2F%2Flccs.pl%2F&amp;embeds_referring_origin=https%3A%2F%2Flccs.pl&amp;source_ve_path=Mjg2NjY&quot;,&quot;video_type&quot;:&quot;youtube&quot;,&quot;controls&quot;:&quot;yes&quot;}\" data-widget_type=\"video.default\">\n\t\t\t\t\t\t\t<div class=\"elementor-wrapper elementor-open-inline\">\n\t\t\t<div class=\"elementor-video\"><\/div>\t\t<\/div>\n\t\t\t\t\t\t<\/div>\n\t\t\t\t<\/div>\n\t\t\t\t<div class=\"elementor-element elementor-element-24d6fa8 elementor-button-info elementor-align-justify elementor-widget elementor-widget-button\" data-id=\"24d6fa8\" data-element_type=\"widget\" data-e-type=\"widget\" data-widget_type=\"button.default\">\n\t\t\t\t\t\t\t\t\t\t<a class=\"elementor-button elementor-button-link elementor-size-sm\" href=\"https:\/\/lccs.pl\/index.php\/wideo-pl\/\">\n\t\t\t\t\t\t<span class=\"elementor-button-content-wrapper\">\n\t\t\t\t\t\t\t\t\t<span class=\"elementor-button-text\">Wi\u0119cej film\u00f3w<\/span>\n\t\t\t\t\t<\/span>\n\t\t\t\t\t<\/a>\n\t\t\t\t\t\t\t\t<\/div>\n\t\t\t\t\t<\/div>\n\t\t\t\t<\/div>\n\t\t<div class=\"elementor-element elementor-element-aa264ac e-flex e-con-boxed e-con e-parent\" data-id=\"aa264ac\" data-element_type=\"container\" data-e-type=\"container\">\n\t\t\t\t\t<div class=\"e-con-inner\">\n\t\t\t\t<div class=\"elementor-element elementor-element-30c9e52 elementor-widget elementor-widget-heading\" data-id=\"30c9e52\" data-element_type=\"widget\" data-e-type=\"widget\" data-widget_type=\"heading.default\">\n\t\t\t\t\t<h2 class=\"elementor-heading-title elementor-size-default\">Opinie&nbsp;<\/h2>\t\t\t\t<\/div>\n\t\t\t\t\t<\/div>\n\t\t\t\t<\/div>\n\t\t<div class=\"elementor-element elementor-element-c46241a e-flex e-con-boxed e-con e-parent\" data-id=\"c46241a\" data-element_type=\"container\" data-e-type=\"container\">\n\t\t\t\t\t<div class=\"e-con-inner\">\n\t\t<div class=\"elementor-element elementor-element-00eedb8 e-con-full e-flex e-con e-child\" data-id=\"00eedb8\" data-element_type=\"container\" data-e-type=\"container\">\n\t\t\t\t<div class=\"elementor-element elementor-element-d4ef813 elementor-widget elementor-widget-text-editor\" data-id=\"d4ef813\" data-element_type=\"widget\" data-e-type=\"widget\" data-widget_type=\"text-editor.default\">\n\t\t\t\t\t\t\t\t\t<p>Przez dwa lata wsp\u00f3\u0142pracy Lyudmyla Cameron by\u0142a nieocenionym wsparciem dla naszej fundacji. Odpowiada\u0142a za tworzenie post\u00f3w, relacji z wydarze\u0144, materia\u0142\u00f3w wideo oraz grafik do medi\u00f3w spo\u0142eczno\u015bciowych. Zajmowa\u0142a si\u0119 r\u00f3wnie\u017c administracj\u0105 naszej strony internetowej, dbaj\u0105c o jej aktualno\u015b\u0107, przejrzysto\u015b\u0107 i funkcjonalno\u015b\u0107. Dzi\u0119ki jej zaanga\u017cowaniu, kreatywno\u015bci i profesjonalnemu podej\u015bciu nasza komunikacja z odbiorcami znacz\u0105co si\u0119 rozwin\u0119\u0142a. Z pe\u0142nym przekonaniem polecamy wsp\u00f3\u0142prac\u0119 z Lyudmil\u0105 Cameron ka\u017cdej organizacji, kt\u00f3ra poszukuje rzetelnego i tw\u00f3rczego wsparcia w zakresie komunikacji i dzia\u0142a\u0144 online.<\/p><p>\u2014 Albert Czetwerty\u0144ski, Prezes Fundacji Prometeusz-Zdrowie Seniora\u201d<\/p>\t\t\t\t\t\t\t\t<\/div>\n\t\t\t\t<\/div>\n\t\t\t\t<div class=\"elementor-element elementor-element-27ee5a7 elementor-widget elementor-widget-image\" data-id=\"27ee5a7\" data-element_type=\"widget\" data-e-type=\"widget\" data-widget_type=\"image.default\">\n\t\t\t\t\t\t\t\t\t\t\t\t\t\t\t<img fetchpriority=\"high\" decoding=\"async\" width=\"1024\" height=\"576\" src=\"https:\/\/lccs.pl\/wp-content\/uploads\/2025\/08\/youtube-cover-1024x576.jpg\" class=\"attachment-large size-large wp-image-798\" alt=\"\" srcset=\"https:\/\/lccs.pl\/wp-content\/uploads\/2025\/08\/youtube-cover-1024x576.jpg 1024w, https:\/\/lccs.pl\/wp-content\/uploads\/2025\/08\/youtube-cover-300x169.jpg 300w, https:\/\/lccs.pl\/wp-content\/uploads\/2025\/08\/youtube-cover-768x432.jpg 768w, https:\/\/lccs.pl\/wp-content\/uploads\/2025\/08\/youtube-cover-1536x864.jpg 1536w, https:\/\/lccs.pl\/wp-content\/uploads\/2025\/08\/youtube-cover-2048x1152.jpg 2048w, https:\/\/lccs.pl\/wp-content\/uploads\/2025\/08\/youtube-cover-800x450.jpg 800w\" sizes=\"(max-width: 1024px) 100vw, 1024px\" \/>\t\t\t\t\t\t\t\t\t\t\t\t\t\t\t<\/div>\n\t\t\t\t\t<\/div>\n\t\t\t\t<\/div>\n\t\t<div class=\"elementor-element elementor-element-fcb4ce9 e-flex e-con-boxed e-con e-parent\" data-id=\"fcb4ce9\" data-element_type=\"container\" data-e-type=\"container\">\n\t\t\t\t\t<div class=\"e-con-inner\">\n\t\t\t\t<div class=\"elementor-element elementor-element-139510b elementor-button-info elementor-align-justify elementor-widget elementor-widget-button\" data-id=\"139510b\" data-element_type=\"widget\" data-e-type=\"widget\" data-widget_type=\"button.default\">\n\t\t\t\t\t\t\t\t\t\t<a class=\"elementor-button elementor-button-link elementor-size-sm\" href=\"\">\n\t\t\t\t\t\t<span class=\"elementor-button-content-wrapper\">\n\t\t\t\t\t\t\t\t\t<span class=\"elementor-button-text\">Zadaj pytanie<\/span>\n\t\t\t\t\t<\/span>\n\t\t\t\t\t<\/a>\n\t\t\t\t\t\t\t\t<\/div>\n\t\t\t\t\t<\/div>\n\t\t\t\t<\/div>\n\t\t<div class=\"elementor-element elementor-element-40b4ded e-flex e-con-boxed e-con e-parent\" data-id=\"40b4ded\" data-element_type=\"container\" data-e-type=\"container\">\n\t\t\t\t\t<div class=\"e-con-inner\">\n\t\t\t\t\t<\/div>\n\t\t\t\t<\/div>\n\t\t\t\t<\/div>\n\t\t","protected":false},"excerpt":{"rendered":"<p>GRAFIKA Grafika do medi\u00f3w spo\u0142eczno\u015bciowych- \u00a0to Tw\u00f3j stylowy content wizualny. \u00a0 We wsp\u00f3\u0142czesnym \u015bwiecie wyrazista i zapadaj\u0105ca w pami\u0119\u0107 oprawa wizualna to klucz do sukcesu w mediach spo\u0142eczno\u015bciowych. Tworz\u0119 unikaln\u0105 grafik\u0119, kt\u00f3ra pozwala Twojej marce wyr\u00f3\u017cni\u0107 si\u0119 na tle konkurencji i przyci\u0105gn\u0105\u0107 uwag\u0119 odbiorc\u00f3w. Tworze wizualizacj\u0119, kt\u00f3ra dzia\u0142a Przyk\u0142ady realizacji dla NGO Posty do medi\u00f3w [&hellip;]<\/p>\n","protected":false},"author":1,"featured_media":0,"parent":0,"menu_order":0,"comment_status":"closed","ping_status":"closed","template":"elementor_header_footer","meta":{"_eb_attr":"","footnotes":""},"class_list":["post-1342","page","type-page","status-publish","hentry","entry"],"_links":{"self":[{"href":"https:\/\/lccs.pl\/index.php\/wp-json\/wp\/v2\/pages\/1342","targetHints":{"allow":["GET"]}}],"collection":[{"href":"https:\/\/lccs.pl\/index.php\/wp-json\/wp\/v2\/pages"}],"about":[{"href":"https:\/\/lccs.pl\/index.php\/wp-json\/wp\/v2\/types\/page"}],"author":[{"embeddable":true,"href":"https:\/\/lccs.pl\/index.php\/wp-json\/wp\/v2\/users\/1"}],"replies":[{"embeddable":true,"href":"https:\/\/lccs.pl\/index.php\/wp-json\/wp\/v2\/comments?post=1342"}],"version-history":[{"count":32,"href":"https:\/\/lccs.pl\/index.php\/wp-json\/wp\/v2\/pages\/1342\/revisions"}],"predecessor-version":[{"id":2627,"href":"https:\/\/lccs.pl\/index.php\/wp-json\/wp\/v2\/pages\/1342\/revisions\/2627"}],"wp:attachment":[{"href":"https:\/\/lccs.pl\/index.php\/wp-json\/wp\/v2\/media?parent=1342"}],"curies":[{"name":"wp","href":"https:\/\/api.w.org\/{rel}","templated":true}]}}