{"id":1329,"date":"2025-08-14T14:22:31","date_gmt":"2025-08-14T12:22:31","guid":{"rendered":"https:\/\/lccs.pl\/?page_id=1329"},"modified":"2026-01-05T17:30:24","modified_gmt":"2026-01-05T16:30:24","slug":"regulamin-2","status":"publish","type":"page","link":"https:\/\/lccs.pl\/index.php\/regulamin-2\/","title":{"rendered":"Regulamin"},"content":{"rendered":"\t\t<div data-elementor-type=\"wp-page\" data-elementor-id=\"1329\" class=\"elementor elementor-1329\">\n\t\t\t\t<div class=\"elementor-element elementor-element-97470dc e-flex e-con-boxed e-con e-parent\" data-id=\"97470dc\" data-element_type=\"container\" data-e-type=\"container\">\n\t\t\t\t\t<div class=\"e-con-inner\">\n\t\t\t\t<div class=\"elementor-element elementor-element-4b2d640 elementor-widget elementor-widget-heading\" data-id=\"4b2d640\" data-element_type=\"widget\" data-e-type=\"widget\" data-widget_type=\"heading.default\">\n\t\t\t\t\t<h2 class=\"elementor-heading-title elementor-size-default\">Regulamin serwisu lccs.pl<\/h2>\t\t\t\t<\/div>\n\t\t\t\t\t<\/div>\n\t\t\t\t<\/div>\n\t\t<div class=\"elementor-element elementor-element-83a2c9d e-flex e-con-boxed e-con e-parent\" data-id=\"83a2c9d\" data-element_type=\"container\" data-e-type=\"container\">\n\t\t\t\t\t<div class=\"e-con-inner\">\n\t\t\t\t<div class=\"elementor-element elementor-element-b9d5cd8 elementor-widget elementor-widget-text-editor\" data-id=\"b9d5cd8\" data-element_type=\"widget\" data-e-type=\"widget\" data-widget_type=\"text-editor.default\">\n\t\t\t\t\t\t\t\t\t<p><strong>1.<\/strong><strong>Informacje og\u00f3lne<\/strong><br \/>Serwis lccs.pl (dalej \u201eSerwis\u201d) prowadzony jest przez Lyudmila Cameron.\u00a0 Korzystaj\u0105c z Serwisu, akceptujesz poni\u017csze zasady.<\/p><ol start=\"2\"><li><strong>Zakres us\u0142ug<\/strong><\/li><\/ol><p>Serwis prezentuje portfolio fotograficzne i artystyczne autorstwa Lyudmyly Cameron. Strona ma charakter wy\u0142\u0105cznie informacyjny i nie \u015bwiadczy us\u0142ug komercyjnych.<\/p><ol start=\"3\"><li><strong>3<\/strong><strong>. Korzystanie z Serwisu<\/strong><\/li><\/ol><p>U\u017cytkownik zobowi\u0105zuje si\u0119 do korzystania z Serwisu zgodnie z obowi\u0105zuj\u0105cym prawem oraz zasadami wsp\u00f3\u0142\u017cycia spo\u0142ecznego. Zabronione jest umieszczanie tre\u015bci niezgodnych z prawem, obra\u017aliwych lub naruszaj\u0105cych prawa os\u00f3b trzecich.<\/p><ol start=\"4\"><li><strong>4<\/strong><strong>. Ochrona danych osobowych<\/strong><\/li><\/ol><p>Dane osobowe u\u017cytkownik\u00f3w przetwarzane s\u0105 wy\u0142\u0105cznie w celu kontaktu z Administratorem (formularz kontaktowy, e-mail, telefon, wiadomo\u015bci w mediach spo\u0142eczno\u015bciowych), ochrony Serwisu przed spamem oraz zapewnienia prawid\u0142owego funkcjonowania strony. Szczeg\u00f3\u0142owe informacje znajduj\u0105 si\u0119 w Polityce Prywatno\u015bci.<\/p><ol start=\"5\"><li><strong>5<\/strong><strong>. W\u0142asno\u015b\u0107 intelektualna<\/strong><\/li><\/ol><p>Wszelkie materia\u0142y udost\u0119pnione na stronie s\u0105 w\u0142asno\u015bci\u0105 Lyudmyly Cameron lub zosta\u0142y wykorzystane za zgod\u0105 w\u0142a\u015bcicieli praw autorskich. Kopiowanie i wykorzystywanie ich bez zgody jest zabronione.<\/p><ol start=\"6\"><li><strong>6<\/strong><strong>. Odpowiedzialno\u015b\u0107<\/strong><\/li><\/ol><p>Lyudmyla Cameron nie ponosi odpowiedzialno\u015bci za szkody wynik\u0142e z korzystania lub niemo\u017cno\u015bci korzystania z Serwisu, w tym za ewentualne b\u0142\u0119dy w materia\u0142ach prezentowanych w portfolio.<\/p><ol start=\"7\"><li><strong>7<\/strong><strong>. Zmiany regulaminu<\/strong><\/li><\/ol><p>Lyudmyla Cameron zastrzega sobie prawo do zmiany niniejszego regulaminu. Aktualna wersja regulaminu jest zawsze dost\u0119pna w Serwisie.<\/p><ol start=\"8\"><li><strong>8<\/strong><strong>. Kontakt<\/strong><\/li><\/ol><p>Wszelkie pytania dotycz\u0105ce Serwisu prosimy kierowa\u0107 na adres e-mail: lyudmila.cameron@gmail.com<\/p>\t\t\t\t\t\t\t\t<\/div>\n\t\t\t\t\t<\/div>\n\t\t\t\t<\/div>\n\t\t\t\t<\/div>\n\t\t","protected":false},"excerpt":{"rendered":"<p>Regulamin serwisu lccs.pl 1.Informacje og\u00f3lneSerwis lccs.pl (dalej \u201eSerwis\u201d) prowadzony jest przez Lyudmila Cameron.\u00a0 Korzystaj\u0105c z Serwisu, akceptujesz poni\u017csze zasady. Zakres us\u0142ug Serwis prezentuje portfolio fotograficzne i artystyczne autorstwa Lyudmyly Cameron. Strona ma charakter wy\u0142\u0105cznie informacyjny i nie \u015bwiadczy us\u0142ug komercyjnych. 3. Korzystanie z Serwisu U\u017cytkownik zobowi\u0105zuje si\u0119 do korzystania z Serwisu zgodnie z obowi\u0105zuj\u0105cym prawem [&hellip;]<\/p>\n","protected":false},"author":1,"featured_media":0,"parent":0,"menu_order":0,"comment_status":"closed","ping_status":"closed","template":"elementor_header_footer","meta":{"_eb_attr":"","footnotes":""},"class_list":["post-1329","page","type-page","status-publish","hentry","entry"],"_links":{"self":[{"href":"https:\/\/lccs.pl\/index.php\/wp-json\/wp\/v2\/pages\/1329","targetHints":{"allow":["GET"]}}],"collection":[{"href":"https:\/\/lccs.pl\/index.php\/wp-json\/wp\/v2\/pages"}],"about":[{"href":"https:\/\/lccs.pl\/index.php\/wp-json\/wp\/v2\/types\/page"}],"author":[{"embeddable":true,"href":"https:\/\/lccs.pl\/index.php\/wp-json\/wp\/v2\/users\/1"}],"replies":[{"embeddable":true,"href":"https:\/\/lccs.pl\/index.php\/wp-json\/wp\/v2\/comments?post=1329"}],"version-history":[{"count":8,"href":"https:\/\/lccs.pl\/index.php\/wp-json\/wp\/v2\/pages\/1329\/revisions"}],"predecessor-version":[{"id":2438,"href":"https:\/\/lccs.pl\/index.php\/wp-json\/wp\/v2\/pages\/1329\/revisions\/2438"}],"wp:attachment":[{"href":"https:\/\/lccs.pl\/index.php\/wp-json\/wp\/v2\/media?parent=1329"}],"curies":[{"name":"wp","href":"https:\/\/api.w.org\/{rel}","templated":true}]}}