{"id":1315,"date":"2025-08-14T13:54:26","date_gmt":"2025-08-14T11:54:26","guid":{"rendered":"https:\/\/lccs.pl\/?page_id=1315"},"modified":"2026-01-13T12:25:40","modified_gmt":"2026-01-13T11:25:40","slug":"uslugi-pl","status":"publish","type":"page","link":"https:\/\/lccs.pl\/index.php\/uslugi-pl\/","title":{"rendered":"Tw\u00f3rcze projekty wizualne"},"content":{"rendered":"\t\t<div data-elementor-type=\"wp-page\" data-elementor-id=\"1315\" class=\"elementor elementor-1315\">\n\t\t\t\t<div class=\"elementor-element elementor-element-c634363 e-con-full e-flex e-con e-parent\" data-id=\"c634363\" data-element_type=\"container\" data-e-type=\"container\" data-settings=\"{&quot;background_background&quot;:&quot;classic&quot;}\">\n\t\t\t\t<div class=\"elementor-element elementor-element-b4f322a elementor-widget elementor-widget-heading\" data-id=\"b4f322a\" data-element_type=\"widget\" data-e-type=\"widget\" data-widget_type=\"heading.default\">\n\t\t\t\t\t<h2 class=\"elementor-heading-title elementor-size-default\">Tw\u00f3rcze projekty wizualne<\/h2>\t\t\t\t<\/div>\n\t\t\t\t<div class=\"elementor-element elementor-element-420e5dd elementor-widget elementor-widget-heading\" data-id=\"420e5dd\" data-element_type=\"widget\" data-e-type=\"widget\" data-widget_type=\"heading.default\">\n\t\t\t\t\t<h1 class=\"elementor-heading-title elementor-size-default\">\n\nod fotografii po formy cyfrowe<\/h1>\t\t\t\t<\/div>\n\t\t\t\t<div class=\"elementor-element elementor-element-b3313d8 elementor-widget elementor-widget-spacer\" data-id=\"b3313d8\" data-element_type=\"widget\" data-e-type=\"widget\" data-widget_type=\"spacer.default\">\n\t\t\t\t\t\t\t<div class=\"elementor-spacer\">\n\t\t\t<div class=\"elementor-spacer-inner\"><\/div>\n\t\t<\/div>\n\t\t\t\t\t\t<\/div>\n\t\t\t\t<\/div>\n\t\t<div class=\"elementor-element elementor-element-9b3a625 e-con-full e-flex e-con e-parent\" data-id=\"9b3a625\" data-element_type=\"container\" data-e-type=\"container\" data-settings=\"{&quot;background_background&quot;:&quot;classic&quot;}\">\n\t\t<div class=\"elementor-element elementor-element-4758265 e-con-full e-flex elementor-invisible e-con e-child\" data-id=\"4758265\" data-element_type=\"container\" data-e-type=\"container\" data-settings=\"{&quot;animation&quot;:&quot;fadeIn&quot;}\">\n\t\t<div class=\"elementor-element elementor-element-f036a65 e-con-full e-flex e-con e-child\" data-id=\"f036a65\" data-element_type=\"container\" data-e-type=\"container\">\n\t\t<div class=\"elementor-element elementor-element-28b5688 e-con-full e-flex e-con e-child\" data-id=\"28b5688\" data-element_type=\"container\" data-e-type=\"container\">\n\t\t\t\t<div class=\"elementor-element elementor-element-27e157b elementor-widget elementor-widget-heading\" data-id=\"27e157b\" data-element_type=\"widget\" data-e-type=\"widget\" data-widget_type=\"heading.default\">\n\t\t\t\t\t<h1 class=\"elementor-heading-title elementor-size-default\"><a href=\"https:\/\/lccs.pl\/index.php\/wideo-pl\/\">wideo<\/a><\/h1>\t\t\t\t<\/div>\n\t\t\t\t<div class=\"elementor-element elementor-element-4407c5d elementor-widget elementor-widget-text-editor\" data-id=\"4407c5d\" data-element_type=\"widget\" data-e-type=\"widget\" data-widget_type=\"text-editor.default\">\n\t\t\t\t\t\t\t\t\t<p data-start=\"843\" data-end=\"1056\">Tworz\u0119 projekty wideo, kt\u00f3re dokumentuj\u0105 rzeczywisto\u015b\u0107 i wzmacniaj\u0105 przekaz spo\u0142eczny.<br data-start=\"929\" data-end=\"932\" \/>Wsp\u00f3\u0142pracowa\u0142am z organizacjami charytatywnymi, realizuj\u0105c m.in. filmy spo\u0142eczne i materia\u0142y promuj\u0105ce dzia\u0142ania non-profit.<\/p><p data-start=\"1058\" data-end=\"1176\">Efekt:<\/p><p data-start=\"1058\" data-end=\"1176\">Od kr\u00f3tkich form do medi\u00f3w spo\u0142eczno\u015bciowych po wywiady i reporta\u017ce\u00a0 z naciskiem na narracj\u0119, emocje i autentyczno\u015b\u0107,\u00a0dopasowane do r\u00f3\u017cnych format\u00f3w i kana\u0142\u00f3w \u2014 od YouTube po Instagram i inne platformy spo\u0142eczno\u015bciowe.<\/p>\t\t\t\t\t\t\t\t<\/div>\n\t\t\t\t<div class=\"elementor-element elementor-element-fed16ac elementor-widget elementor-widget-spacer\" data-id=\"fed16ac\" data-element_type=\"widget\" data-e-type=\"widget\" data-widget_type=\"spacer.default\">\n\t\t\t\t\t\t\t<div class=\"elementor-spacer\">\n\t\t\t<div class=\"elementor-spacer-inner\"><\/div>\n\t\t<\/div>\n\t\t\t\t\t\t<\/div>\n\t\t\t\t<div class=\"elementor-element elementor-element-1184d45 elementor-view-default elementor-widget elementor-widget-icon\" data-id=\"1184d45\" data-element_type=\"widget\" data-e-type=\"widget\" data-widget_type=\"icon.default\">\n\t\t\t\t\t\t\t<div class=\"elementor-icon-wrapper\">\n\t\t\t<a class=\"elementor-icon\" href=\"https:\/\/lccs.pl\/index.php\/wideo-pl\/\">\n\t\t\t<svg aria-hidden=\"true\" class=\"e-font-icon-svg e-fas-film\" viewBox=\"0 0 512 512\" xmlns=\"http:\/\/www.w3.org\/2000\/svg\"><path d=\"M488 64h-8v20c0 6.6-5.4 12-12 12h-40c-6.6 0-12-5.4-12-12V64H96v20c0 6.6-5.4 12-12 12H44c-6.6 0-12-5.4-12-12V64h-8C10.7 64 0 74.7 0 88v336c0 13.3 10.7 24 24 24h8v-20c0-6.6 5.4-12 12-12h40c6.6 0 12 5.4 12 12v20h320v-20c0-6.6 5.4-12 12-12h40c6.6 0 12 5.4 12 12v20h8c13.3 0 24-10.7 24-24V88c0-13.3-10.7-24-24-24zM96 372c0 6.6-5.4 12-12 12H44c-6.6 0-12-5.4-12-12v-40c0-6.6 5.4-12 12-12h40c6.6 0 12 5.4 12 12v40zm0-96c0 6.6-5.4 12-12 12H44c-6.6 0-12-5.4-12-12v-40c0-6.6 5.4-12 12-12h40c6.6 0 12 5.4 12 12v40zm0-96c0 6.6-5.4 12-12 12H44c-6.6 0-12-5.4-12-12v-40c0-6.6 5.4-12 12-12h40c6.6 0 12 5.4 12 12v40zm272 208c0 6.6-5.4 12-12 12H156c-6.6 0-12-5.4-12-12v-96c0-6.6 5.4-12 12-12h200c6.6 0 12 5.4 12 12v96zm0-168c0 6.6-5.4 12-12 12H156c-6.6 0-12-5.4-12-12v-96c0-6.6 5.4-12 12-12h200c6.6 0 12 5.4 12 12v96zm112 152c0 6.6-5.4 12-12 12h-40c-6.6 0-12-5.4-12-12v-40c0-6.6 5.4-12 12-12h40c6.6 0 12 5.4 12 12v40zm0-96c0 6.6-5.4 12-12 12h-40c-6.6 0-12-5.4-12-12v-40c0-6.6 5.4-12 12-12h40c6.6 0 12 5.4 12 12v40zm0-96c0 6.6-5.4 12-12 12h-40c-6.6 0-12-5.4-12-12v-40c0-6.6 5.4-12 12-12h40c6.6 0 12 5.4 12 12v40z\"><\/path><\/svg>\t\t\t<\/a>\n\t\t<\/div>\n\t\t\t\t\t\t<\/div>\n\t\t\t\t<\/div>\n\t\t\t\t<\/div>\n\t\t\t\t<\/div>\n\t\t<div class=\"elementor-element elementor-element-0d7143a e-con-full e-flex elementor-invisible e-con e-child\" data-id=\"0d7143a\" data-element_type=\"container\" data-e-type=\"container\" data-settings=\"{&quot;animation&quot;:&quot;fadeIn&quot;}\">\n\t\t<div class=\"elementor-element elementor-element-0012f98 e-con-full e-flex e-con e-child\" data-id=\"0012f98\" data-element_type=\"container\" data-e-type=\"container\">\n\t\t\t\t<div class=\"elementor-element elementor-element-b80c814 elementor-widget elementor-widget-heading\" data-id=\"b80c814\" data-element_type=\"widget\" data-e-type=\"widget\" data-widget_type=\"heading.default\">\n\t\t\t\t\t<h1 class=\"elementor-heading-title elementor-size-default\"><a href=\"https:\/\/lccs.pl\/index.php\/foto-pl\/\">ZDJ\u0118CIA<\/a><\/h1>\t\t\t\t<\/div>\n\t\t\t\t<div class=\"elementor-element elementor-element-3031a79 elementor-widget elementor-widget-text-editor\" data-id=\"3031a79\" data-element_type=\"widget\" data-e-type=\"widget\" data-widget_type=\"text-editor.default\">\n\t\t\t\t\t\t\t\t\t<p data-start=\"508\" data-end=\"729\">Projekty fotograficzne obejmuj\u0105ce portrety, reporta\u017ce i fotografie artystyczne.<br data-start=\"604\" data-end=\"607\" \/>Uwzgl\u0119dniaj\u0105 r\u00f3\u017cnorodne sceny \u2014 od spontanicznych uj\u0119\u0107 ulicznych po przygotowane sesje studyjne, rodzinne i koncepcyjne.<\/p><p data-start=\"731\" data-end=\"749\"><strong data-start=\"731\" data-end=\"747\">Zakres prac:<\/strong><\/p><ul data-start=\"750\" data-end=\"1005\"><li data-start=\"750\" data-end=\"787\"><p data-start=\"752\" data-end=\"787\">portrety i fotografie koncepcyjne<\/p><\/li><li data-start=\"788\" data-end=\"821\"><p data-start=\"790\" data-end=\"821\">sesje rodzinne i \u201elove story\u201d<\/p><\/li><li data-start=\"822\" data-end=\"876\"><p data-start=\"824\" data-end=\"876\">reporta\u017ce z wydarze\u0144<\/p><\/li><li data-start=\"930\" data-end=\"1005\"><p data-start=\"932\" data-end=\"1005\">zdj\u0119cia w formatach\u00a0 do druku,\u00a0 medi\u00f3w spo\u0142eczno\u015bciowych i cyfrowych prezentacji<\/p><\/li><\/ul><p data-start=\"1007\" data-end=\"1124\"><strong data-start=\"1007\" data-end=\"1017\">Efekt:<\/strong><br data-start=\"1017\" data-end=\"1020\" \/>obraz, kt\u00f3ry oddaje emocje, opowiada historie i dokumentuje chwile w spos\u00f3b autentyczny i artystyczny.<\/p>\t\t\t\t\t\t\t\t<\/div>\n\t\t\t\t<div class=\"elementor-element elementor-element-ac8167a elementor-view-default elementor-widget elementor-widget-icon\" data-id=\"ac8167a\" data-element_type=\"widget\" data-e-type=\"widget\" data-widget_type=\"icon.default\">\n\t\t\t\t\t\t\t<div class=\"elementor-icon-wrapper\">\n\t\t\t<a class=\"elementor-icon\" href=\"https:\/\/lccs.pl\/index.php\/foto-pl\/\">\n\t\t\t<svg aria-hidden=\"true\" class=\"e-font-icon-svg e-fas-photo-video\" viewBox=\"0 0 640 512\" xmlns=\"http:\/\/www.w3.org\/2000\/svg\"><path d=\"M608 0H160a32 32 0 0 0-32 32v96h160V64h192v320h128a32 32 0 0 0 32-32V32a32 32 0 0 0-32-32zM232 103a9 9 0 0 1-9 9h-30a9 9 0 0 1-9-9V73a9 9 0 0 1 9-9h30a9 9 0 0 1 9 9zm352 208a9 9 0 0 1-9 9h-30a9 9 0 0 1-9-9v-30a9 9 0 0 1 9-9h30a9 9 0 0 1 9 9zm0-104a9 9 0 0 1-9 9h-30a9 9 0 0 1-9-9v-30a9 9 0 0 1 9-9h30a9 9 0 0 1 9 9zm0-104a9 9 0 0 1-9 9h-30a9 9 0 0 1-9-9V73a9 9 0 0 1 9-9h30a9 9 0 0 1 9 9zm-168 57H32a32 32 0 0 0-32 32v288a32 32 0 0 0 32 32h384a32 32 0 0 0 32-32V192a32 32 0 0 0-32-32zM96 224a32 32 0 1 1-32 32 32 32 0 0 1 32-32zm288 224H64v-32l64-64 32 32 128-128 96 96z\"><\/path><\/svg>\t\t\t<\/a>\n\t\t<\/div>\n\t\t\t\t\t\t<\/div>\n\t\t\t\t<\/div>\n\t\t\t\t<\/div>\n\t\t<div class=\"elementor-element elementor-element-377156f e-con-full e-flex elementor-invisible e-con e-child\" data-id=\"377156f\" data-element_type=\"container\" data-e-type=\"container\" data-settings=\"{&quot;animation&quot;:&quot;fadeIn&quot;}\">\n\t\t<div class=\"elementor-element elementor-element-691d4bb e-con-full e-flex e-con e-child\" data-id=\"691d4bb\" data-element_type=\"container\" data-e-type=\"container\">\n\t\t\t\t<div class=\"elementor-element elementor-element-a5e27dc elementor-widget elementor-widget-heading\" data-id=\"a5e27dc\" data-element_type=\"widget\" data-e-type=\"widget\" data-widget_type=\"heading.default\">\n\t\t\t\t\t<h1 class=\"elementor-heading-title elementor-size-default\"><a href=\"https:\/\/lccs.pl\/index.php\/grafika-pl\/\">GRAFIKA<\/a><\/h1>\t\t\t\t<\/div>\n\t\t\t\t<div class=\"elementor-element elementor-element-5fccc76 elementor-widget elementor-widget-text-editor\" data-id=\"5fccc76\" data-element_type=\"widget\" data-e-type=\"widget\" data-widget_type=\"text-editor.default\">\n\t\t\t\t\t\t\t\t\t<article class=\"text-token-text-primary w-full focus:outline-none scroll-mt-[calc(var(--header-height)+min(200px,max(70px,20svh)))]\" dir=\"auto\" tabindex=\"-1\" data-turn-id=\"request-WEB:6982facd-22ee-44ec-8d2d-a00f1d7405dd-41\" data-testid=\"conversation-turn-84\" data-scroll-anchor=\"true\" data-turn=\"assistant\"><div class=\"text-base my-auto mx-auto pb-10 [--thread-content-margin:--spacing(4)] @[37rem]:[--thread-content-margin:--spacing(6)] @[72rem]:[--thread-content-margin:--spacing(16)] px-(--thread-content-margin)\"><div class=\"[--thread-content-max-width:32rem] @[34rem]:[--thread-content-max-width:40rem] @[64rem]:[--thread-content-max-width:48rem] mx-auto max-w-(--thread-content-max-width) flex-1 group\/turn-messages focus-visible:outline-hidden relative flex w-full min-w-0 flex-col agent-turn\" tabindex=\"-1\"><div class=\"flex max-w-full flex-col grow\"><div class=\"min-h-8 text-message relative flex w-full flex-col items-end gap-2 text-start break-words whitespace-normal [.text-message+&amp;]:mt-5\" dir=\"auto\" data-message-author-role=\"assistant\" data-message-id=\"46e47c16-23b5-46f7-98a7-2e3ce7209431\" data-message-model-slug=\"gpt-5-mini\"><div class=\"flex w-full flex-col gap-1 empty:hidden first:pt-[3px]\"><div class=\"markdown prose dark:prose-invert w-full break-words light markdown-new-styling\"><p data-start=\"381\" data-end=\"579\">Projekty graficzne obejmuj\u0105ce ilustracje, ok\u0142adki, banery oraz kr\u00f3tkie animacje.<br data-start=\"475\" data-end=\"478\" \/>Eksperymentuj\u0119 z form\u0105 i kolorem, tworz\u0105c prace zar\u00f3wno cyfrowe, jak i do medi\u00f3w spo\u0142eczno\u015bciowych.<\/p><p data-start=\"581\" data-end=\"599\"><strong data-start=\"581\" data-end=\"597\">Zakres prac:<\/strong><\/p><ul data-start=\"600\" data-end=\"729\"><li data-start=\"600\" data-end=\"645\"><p data-start=\"602\" data-end=\"645\">ilustracje, ok\u0142adki i grafiki koncepcyjne<\/p><\/li><li data-start=\"646\" data-end=\"679\"><p data-start=\"648\" data-end=\"679\">banery i wizualizacje cyfrowe<\/p><\/li><li data-start=\"680\" data-end=\"729\"><p data-start=\"682\" data-end=\"729\">animacje i kr\u00f3tkie filmy do Stories lub reels<\/p><\/li><\/ul><p data-start=\"731\" data-end=\"854\"><strong data-start=\"731\" data-end=\"741\">Efekt:<\/strong><br data-start=\"741\" data-end=\"744\" \/>prace wizualne o wyrazistym stylu, kt\u00f3re opowiadaj\u0105 histori\u0119 i nadaj\u0105 osobisty charakter ka\u017cdemu projektowi.<\/p><\/div><\/div><\/div><\/div><\/div><\/div><\/article>\t\t\t\t\t\t\t\t<\/div>\n\t\t\t\t<div class=\"elementor-element elementor-element-02b2df4 elementor-view-default elementor-widget elementor-widget-icon\" data-id=\"02b2df4\" data-element_type=\"widget\" data-e-type=\"widget\" data-widget_type=\"icon.default\">\n\t\t\t\t\t\t\t<div class=\"elementor-icon-wrapper\">\n\t\t\t<a class=\"elementor-icon\" href=\"https:\/\/lccs.pl\/index.php\/grafika-pl\/\">\n\t\t\t<i aria-hidden=\"true\" class=\"icon icon-design\"><\/i>\t\t\t<\/a>\n\t\t<\/div>\n\t\t\t\t\t\t<\/div>\n\t\t\t\t<\/div>\n\t\t\t\t<\/div>\n\t\t<div class=\"elementor-element elementor-element-1ae6484 e-con-full e-flex elementor-invisible e-con e-child\" data-id=\"1ae6484\" data-element_type=\"container\" data-e-type=\"container\" data-settings=\"{&quot;animation&quot;:&quot;fadeIn&quot;}\">\n\t\t<div class=\"elementor-element elementor-element-d004fde e-con-full e-flex e-con e-child\" data-id=\"d004fde\" data-element_type=\"container\" data-e-type=\"container\">\n\t\t\t\t<div class=\"elementor-element elementor-element-a0ee086 elementor-widget elementor-widget-heading\" data-id=\"a0ee086\" data-element_type=\"widget\" data-e-type=\"widget\" data-widget_type=\"heading.default\">\n\t\t\t\t\t<h1 class=\"elementor-heading-title elementor-size-default\"><a href=\"https:\/\/lccs.pl\/index.php\/strony-internetowy-pl\/\">Sztuka<\/a><\/h1>\t\t\t\t<\/div>\n\t\t\t\t<div class=\"elementor-element elementor-element-da87e05 elementor-widget elementor-widget-text-editor\" data-id=\"da87e05\" data-element_type=\"widget\" data-e-type=\"widget\" data-widget_type=\"text-editor.default\">\n\t\t\t\t\t\t\t\t\t<p data-start=\"282\" data-end=\"519\">Moje prace artystyczne obejmuj\u0105 r\u00f3\u017cnorodne techniki i formy wyrazu od obraz\u00f3w olejnych, przez grafik\u0119, po ceramik\u0119.<br data-start=\"399\" data-end=\"402\" \/>Ka\u017cda praca to eksperyment z form\u0105, kolorem i materi\u0105, kt\u00f3ry odzwierciedla m\u00f3j autorski styl i podej\u015bcie do sztuki.<\/p><p data-start=\"521\" data-end=\"539\"><strong data-start=\"521\" data-end=\"537\">Zakres prac:<\/strong><\/p><ul data-start=\"540\" data-end=\"636\"><li data-start=\"540\" data-end=\"568\"><p data-start=\"542\" data-end=\"568\">obrazy olejne i akrylowe<\/p><\/li><li data-start=\"569\" data-end=\"605\"><p data-start=\"571\" data-end=\"605\">grafika artystyczna i ilustracja<\/p><\/li><li data-start=\"606\" data-end=\"636\"><p data-start=\"608\" data-end=\"636\">ceramika\u00a0<\/p><\/li><\/ul><p data-start=\"638\" data-end=\"747\"><strong data-start=\"638\" data-end=\"648\">Efekt:<\/strong><br data-start=\"648\" data-end=\"651\" \/>dzie\u0142a, kt\u00f3re opowiadaj\u0105 historie, budz\u0105 emocje i pokazuj\u0105 unikalne spojrzenie autorki na \u015bwiat.<\/p>\t\t\t\t\t\t\t\t<\/div>\n\t\t\t\t<div class=\"elementor-element elementor-element-30788da elementor-view-default elementor-widget elementor-widget-icon\" data-id=\"30788da\" data-element_type=\"widget\" data-e-type=\"widget\" data-widget_type=\"icon.default\">\n\t\t\t\t\t\t\t<div class=\"elementor-icon-wrapper\">\n\t\t\t<a class=\"elementor-icon\" href=\"https:\/\/lccs.pl\/index.php\/strony-internetowy-pl\/\">\n\t\t\t<i aria-hidden=\"true\" class=\"icon icon-Computer\"><\/i>\t\t\t<\/a>\n\t\t<\/div>\n\t\t\t\t\t\t<\/div>\n\t\t\t\t<\/div>\n\t\t\t\t<\/div>\n\t\t\t\t<\/div>\n\t\t\t\t<\/div>\n\t\t","protected":false},"excerpt":{"rendered":"<p>Tw\u00f3rcze projekty wizualne od fotografii po formy cyfrowe wideo Tworz\u0119 projekty wideo, kt\u00f3re dokumentuj\u0105 rzeczywisto\u015b\u0107 i wzmacniaj\u0105 przekaz spo\u0142eczny.Wsp\u00f3\u0142pracowa\u0142am z organizacjami charytatywnymi, realizuj\u0105c m.in. filmy spo\u0142eczne i materia\u0142y promuj\u0105ce dzia\u0142ania non-profit. Efekt: Od kr\u00f3tkich form do medi\u00f3w spo\u0142eczno\u015bciowych po wywiady i reporta\u017ce\u00a0 z naciskiem na narracj\u0119, emocje i autentyczno\u015b\u0107,\u00a0dopasowane do r\u00f3\u017cnych format\u00f3w i kana\u0142\u00f3w \u2014 [&hellip;]<\/p>\n","protected":false},"author":1,"featured_media":0,"parent":0,"menu_order":0,"comment_status":"closed","ping_status":"closed","template":"elementor_header_footer","meta":{"_eb_attr":"","footnotes":""},"class_list":["post-1315","page","type-page","status-publish","hentry","entry"],"_links":{"self":[{"href":"https:\/\/lccs.pl\/index.php\/wp-json\/wp\/v2\/pages\/1315","targetHints":{"allow":["GET"]}}],"collection":[{"href":"https:\/\/lccs.pl\/index.php\/wp-json\/wp\/v2\/pages"}],"about":[{"href":"https:\/\/lccs.pl\/index.php\/wp-json\/wp\/v2\/types\/page"}],"author":[{"embeddable":true,"href":"https:\/\/lccs.pl\/index.php\/wp-json\/wp\/v2\/users\/1"}],"replies":[{"embeddable":true,"href":"https:\/\/lccs.pl\/index.php\/wp-json\/wp\/v2\/comments?post=1315"}],"version-history":[{"count":39,"href":"https:\/\/lccs.pl\/index.php\/wp-json\/wp\/v2\/pages\/1315\/revisions"}],"predecessor-version":[{"id":2504,"href":"https:\/\/lccs.pl\/index.php\/wp-json\/wp\/v2\/pages\/1315\/revisions\/2504"}],"wp:attachment":[{"href":"https:\/\/lccs.pl\/index.php\/wp-json\/wp\/v2\/media?parent=1315"}],"curies":[{"name":"wp","href":"https:\/\/api.w.org\/{rel}","templated":true}]}}